{"id":514,"date":"2021-04-19T17:23:39","date_gmt":"2021-04-19T20:23:39","guid":{"rendered":"https:\/\/circuitolocal.cestaagroecologica.com.br\/?page_id=514"},"modified":"2021-06-23T23:33:38","modified_gmt":"2021-06-24T02:33:38","slug":"como-funciona","status":"publish","type":"page","link":"https:\/\/circuitolocal.cestaagroecologica.com.br\/index.php\/como-funciona\/","title":{"rendered":"Como funciona"},"content":{"rendered":"\n<p class=\"has-medium-font-size\"><strong>Entregas<\/strong><\/p>\n\n\n\n<p>Fazemos entregas de alimentos org\u00e2nicos e agroecol\u00f3gicos em Saquarema e Niter\u00f3i, RJ. Eventualmente faremos entregas em outros munic\u00edpios pr\u00f3ximos, como Maric\u00e1 e Araruama. Se voc\u00ea mora nas redondezas e deseja participar do Circuito Local, manda uma mensagem pelo formul\u00e1rio abaixo para expandirmos essa rede. <\/p>\n\n\n\n<p class=\"has-medium-font-size\"><strong>Compras pelo site<\/strong> <strong>e outras redes<\/strong><\/p>\n\n\n\n<p>As compras s\u00e3o feitas pelo site atrav\u00e9s de um cadastro com nome, telefone, e-mail e endere\u00e7o para entrega. Prezamos pela seguran\u00e7a e privacidade de nossos clientes e jamais forneceremos esses dados a terceiros. Nossa feira virtual fica aberta durante alguns dias antes da pr\u00f3xima entrega, que acontece geralmente \u00e0s quintas ou sextas-feiras. As datas de abertura dos pedidos e de entregas s\u00e3o informadas na p\u00e1gina inicial do site e no nosso &#8220;instagr\u00e3o&#8221; <a rel=\"noreferrer noopener\" href=\"https:\/\/instagram.com\/cestacircuitolocal\" target=\"_blank\">@cestacircuitolocal<\/a>, e tamb\u00e9m enviadas por Whatsapp aos clientes cadastrados\/as. Ap\u00f3s efetuar a compra no site, voc\u00ea receber\u00e1 um e-mail com o registro de sua compra: aten\u00e7\u00e3o pois esse e-mail autom\u00e1tico costuma parar na caixa de spam! Voc\u00ea pode acessar a sua conta no site a qualquer momento e ver\u00e1 o registro de seu pedido tamb\u00e9m.<\/p>\n\n\n\n<p class=\"has-medium-font-size\"><strong>Taxa de entrega e outros custos<\/strong><\/p>\n\n\n\n<p>Nossa taxa de entrega precisou aumentar de R$15 para R$20, pois infelizmente n\u00e3o estamos conseguindo cobrir os custos m\u00ednimos do transporte dos\/as produtores\/as do Tingu\u00ed e da Serra do Mato Grosso at\u00e9 todos os cantinhos de Saquarema e agora tamb\u00e9m de Niter\u00f3i. Com o aumento da taxa, n\u00e3o precisamos inserir esse custo no produto final, o que possibilita diminuirmos os pre\u00e7os dos alimentos. \u00c0 medida que aumentarem o n\u00famero de pedidos, o valor da taxa vai diminuir! <\/p>\n\n\n\n<p class=\"has-medium-font-size\"><strong>Forma\u00e7\u00e3o de pre\u00e7os<\/strong><\/p>\n\n\n\n<p>No Circuito Local, os produtores\/as colocam o pre\u00e7o que consideram justo pelo seu trabalho, e inserimos percentuais de vendas, comunica\u00e7\u00e3o e log\u00edstica para viabilizar a chegada desses produtos das ro\u00e7as da agricultura familiar at\u00e9 as resid\u00eancias de consumidores, com a seguran\u00e7a exigida pelo momento de pandemia que estamos passando. Ao consumir esses produtos, voc\u00ea viabiliza esse circuito curto de comercializa\u00e7\u00e3o alternativo \u00e0s grandes agroind\u00fastrias e aumenta a resili\u00eancia da agricultura familiar local. Seu apoio e investimento s\u00e3o fundamentais para essa economia solid\u00e1ria se tornar uma realidade e n\u00e3o uma utopia!<\/p>\n\n\n\n<p class=\"has-medium-font-size\"><strong>Pagamentos<\/strong><\/p>\n\n\n\n<p>Os pagamentos podem ser feitos por meio de PIX, transfer\u00eancia para conta digital do Pagbank ou dinheiro trocado na entrega (estamos temporariamente sem m\u00e1quina de d\u00e9bito). Vale lembrar que, especialmente em rela\u00e7\u00e3o aos produtos frescos, lidamos com as intemp\u00e9ries da natureza e eventualmente somos surpreendidos\/as na colheita de alguns itens que \u00e9 feita no dia da entrega. Contamos com a compreens\u00e3o de quem apoia pequenos\/as produtores\/as e fazemos juntos\/as a checagem de todos os itens no momento da entrega. Qualquer altera\u00e7\u00e3o na sua compra \u00e9 comunicada com anteced\u00eancia sempre que poss\u00edvel.<\/p>\n\n\n\n<p class=\"has-medium-font-size\"><strong>Log\u00edstica<\/strong><\/p>\n\n\n\n<p>As cestas s\u00e3o montadas na Ecovila Nascentes do Tingu\u00ed, em Sampaio Correia, com a maior parte dos alimentos que s\u00e3o produzidos l\u00e1 mesmo pela Mat\u00e9ria Org\u00e2nica e outros produtores como os Carrapichos, e tamb\u00e9m com itens de produtores\/as parceiros\/as, como \u00e9 o caso da Reserva Bot\u00e2nica, em Silva Jardim, e tamb\u00e9m vizinhos\/as como o S\u00edtio do Galo e a Saqua Fungi, ambos da Serra do Mato Grosso, em Saquarema. Quem cuida do site, da comunica\u00e7\u00e3o e da log\u00edstica da Cesta \u00e9 a Sarah, que faz a conex\u00e3o entre os elos desse Circuito. Atualmente contamos com a parceria do motorista Douglas e sua encantadora Jan Van como nosso transporte principal, que busca as cestas na Ecovila e de l\u00e1 parte para a rota de entregas, com o apoio de mais uma pessoa para a checagem de tudo. Algumas vezes s\u00e3o os pr\u00f3prios produtores\/as quem v\u00e3o entregar tamb\u00e9m. <\/p>\n\n\n\n<p class=\"has-medium-font-size\"><strong>Log\u00edstica reversa<\/strong><\/p>\n\n\n\n<p>Se voc\u00ea puder fazer a sua pr\u00f3pria reciclagem, perfeito! Mas se n\u00e3o conseguir, queremos nos responsabilizar pelos res\u00edduos que espalhamos no mundo e aceitamos as embalagens de volta na pr\u00f3xima entrega (limpas e secas, \u00e9 claro)! Gostamos especialmente de receber de volta potes de vidro com tampa, garrafinhas de pl\u00e1stico e caixas de ovos, pois podemos reutilizar. \ud83d\ude42<\/p>\n\n\n\n<p class=\"has-medium-font-size\"><strong>Gest\u00e3o participativa<\/strong><\/p>\n\n\n\n<p>O Circuito Local \u00e9 uma rede de pessoas que produzem e consomem alimentos org\u00e2nicos, a participa\u00e7\u00e3o de todas as pessoas dessa rede \u00e9 bem-vinda para melhorar cada vez mais esse circuito! Queremos que a gest\u00e3o do Circuito seja cada vez mais aberta, horizontal e participativa.<\/p>\n\n\n\n<p>Voc\u00ea pode come\u00e7ar a participar enviando uma mensagem, por exemplo:<\/p>\n\n\n\n\n\n\n\n\n\n\n\n\n<p><\/p>\n\n\n\n\n<p> <\/p>\n","protected":false},"excerpt":{"rendered":"<p>Entregas Fazemos entregas de alimentos org\u00e2nicos e agroecol\u00f3gicos em Saquarema e Niter\u00f3i, RJ. Eventualmente faremos entregas em outros munic\u00edpios pr\u00f3ximos, como Maric\u00e1 e Araruama. Se voc\u00ea mora nas redondezas e deseja participar do Circuito Local, manda uma mensagem pelo formul\u00e1rio abaixo para expandirmos essa rede. Compras pelo site e outras redes As compras s\u00e3o feitas [&hellip;]<\/p>\n","protected":false},"author":1,"featured_media":0,"parent":0,"menu_order":0,"comment_status":"closed","ping_status":"closed","template":"","meta":{"footnotes":""},"class_list":["post-514","page","type-page","status-publish","hentry"],"_links":{"self":[{"href":"https:\/\/circuitolocal.cestaagroecologica.com.br\/index.php\/wp-json\/wp\/v2\/pages\/514","targetHints":{"allow":["GET"]}}],"collection":[{"href":"https:\/\/circuitolocal.cestaagroecologica.com.br\/index.php\/wp-json\/wp\/v2\/pages"}],"about":[{"href":"https:\/\/circuitolocal.cestaagroecologica.com.br\/index.php\/wp-json\/wp\/v2\/types\/page"}],"author":[{"embeddable":true,"href":"https:\/\/circuitolocal.cestaagroecologica.com.br\/index.php\/wp-json\/wp\/v2\/users\/1"}],"replies":[{"embeddable":true,"href":"https:\/\/circuitolocal.cestaagroecologica.com.br\/index.php\/wp-json\/wp\/v2\/comments?post=514"}],"version-history":[{"count":11,"href":"https:\/\/circuitolocal.cestaagroecologica.com.br\/index.php\/wp-json\/wp\/v2\/pages\/514\/revisions"}],"predecessor-version":[{"id":860,"href":"https:\/\/circuitolocal.cestaagroecologica.com.br\/index.php\/wp-json\/wp\/v2\/pages\/514\/revisions\/860"}],"wp:attachment":[{"href":"https:\/\/circuitolocal.cestaagroecologica.com.br\/index.php\/wp-json\/wp\/v2\/media?parent=514"}],"curies":[{"name":"wp","href":"https:\/\/api.w.org\/{rel}","templated":true}]}}