{"id":94,"date":"2021-03-15T19:08:28","date_gmt":"2021-03-15T22:08:28","guid":{"rendered":"http:\/\/circuitolocal.cestaagroecologica.com.br\/?page_id=94"},"modified":"2021-07-06T17:36:10","modified_gmt":"2021-07-06T20:36:10","slug":"quem-somos","status":"publish","type":"page","link":"https:\/\/circuitolocal.cestaagroecologica.com.br\/index.php\/quem-somos\/","title":{"rendered":"Quem somos"},"content":{"rendered":"\n<p>Ol\u00e1, somos o Circuito Agroecol\u00f3gico Local, formado por integrantes da Ecovila Nascentes do Tingu\u00ed, em Saquarema, RJ, e parceiros\/as!<\/p>\n\n\n\n<figure class=\"wp-block-image size-large\"><a href=\"http:\/\/circuitolocal.cestaagroecologica.com.br\/wp-content\/uploads\/2021\/03\/Ecovila.jpg\"><img loading=\"lazy\" decoding=\"async\" width=\"1024\" height=\"819\" src=\"https:\/\/circuitolocal.cestaagroecologica.com.br\/wp-content\/uploads\/2021\/03\/Ecovila-1024x819.jpg\" alt=\"\" class=\"wp-image-117\" srcset=\"https:\/\/circuitolocal.cestaagroecologica.com.br\/wp-content\/uploads\/2021\/03\/Ecovila-1024x819.jpg 1024w, https:\/\/circuitolocal.cestaagroecologica.com.br\/wp-content\/uploads\/2021\/03\/Ecovila-300x240.jpg 300w, https:\/\/circuitolocal.cestaagroecologica.com.br\/wp-content\/uploads\/2021\/03\/Ecovila-768x614.jpg 768w, https:\/\/circuitolocal.cestaagroecologica.com.br\/wp-content\/uploads\/2021\/03\/Ecovila-1536x1229.jpg 1536w, https:\/\/circuitolocal.cestaagroecologica.com.br\/wp-content\/uploads\/2021\/03\/Ecovila-75x60.jpg 75w, https:\/\/circuitolocal.cestaagroecologica.com.br\/wp-content\/uploads\/2021\/03\/Ecovila-113x90.jpg 113w, https:\/\/circuitolocal.cestaagroecologica.com.br\/wp-content\/uploads\/2021\/03\/Ecovila.jpg 2000w\" sizes=\"auto, (max-width: 1024px) 100vw, 1024px\" \/><\/a><\/figure>\n\n\n\n<p class=\"has-text-align-justify\">O Circuito Agroecol\u00f3gico Local \u00e9 o novo nome da Cesta Org\u00e2nica Pr\u00f3-Imunidade, que ao longo de 2020 entregou alimentos org\u00e2nicos e agroecol\u00f3gicos para Saquarema e regi\u00e3o. Chegamos em 2021 com nome, logo e site novos, mas nossa origem continua sendo a Ecovila Nascentes do Tingu\u00ed, em Sampaio Correia, RJ, de onde vem a maior parte de nossos produtos e equipe, e onde a Cesta \u00e9 montada e gerida. Fundada em 2011 e tendo atualmente 16 integrantes, nossa Ecovila tem como miss\u00e3o \u201cs<em>er uma comunidade autossustent\u00e1vel ecol\u00f3gica e financeiramente, onde seus integrantes possam morar, gerar renda, produzir comida, trocar conhecimentos e promover o desenvolvimento integral do ser.\u201d<\/em><\/p>\n\n\n\n<p class=\"has-text-align-justify\">Seguimos princ\u00edpios e t\u00e9cnicas da agroecologia, permacultura, bioconstru\u00e7\u00e3o, agricultura sintr\u00f3pica e biodin\u00e2mica. Nossos produtos in natura s\u00e3o certificados como org\u00e2nicos pela ABIO (Associa\u00e7\u00e3o de Agricultores Biol\u00f3gicos do Estado do Rio de Janeiro) e temos como carro-chefe a banana &#8211; tanto in natura como desidratada, em forma de chips, doces, biomassa para p\u00e3o, entre outras del\u00edcias. Diferentes integrantes da Ecovila comp\u00f5em os produtores do nosso Circuito Local, com destaque para a Mat\u00e9ria Org\u00e2nica (conhe\u00e7a aqui seu <a href=\"http:\/\/www.materiaorganica.com.br\">site<\/a> e <a href=\"https:\/\/www.instagram.com\/materia.organica\/\" data-type=\"URL\" data-id=\"https:\/\/www.instagram.com\/materia.organica\/\">Instagram<\/a>), nossa principal produtora e agregadora de parcerias!<\/p>\n\n\n\n<div class=\"wp-block-image\"><figure class=\"aligncenter size-medium\"><a href=\"www.materiaorganica.com.br\"><img loading=\"lazy\" decoding=\"async\" width=\"300\" height=\"300\" src=\"https:\/\/circuitolocal.cestaagroecologica.com.br\/wp-content\/uploads\/2021\/03\/Logo-MO-produtos-300x300.jpg\" alt=\"mat\u00e9ria org\u00e2nica produtos\" class=\"wp-image-102\" srcset=\"https:\/\/circuitolocal.cestaagroecologica.com.br\/wp-content\/uploads\/2021\/03\/Logo-MO-produtos-300x301.jpg 300w, https:\/\/circuitolocal.cestaagroecologica.com.br\/wp-content\/uploads\/2021\/03\/Logo-MO-produtos-150x150.jpg 150w, https:\/\/circuitolocal.cestaagroecologica.com.br\/wp-content\/uploads\/2021\/03\/Logo-MO-produtos-100x100.jpg 100w, https:\/\/circuitolocal.cestaagroecologica.com.br\/wp-content\/uploads\/2021\/03\/Logo-MO-produtos-60x60.jpg 60w, https:\/\/circuitolocal.cestaagroecologica.com.br\/wp-content\/uploads\/2021\/03\/Logo-MO-produtos-90x90.jpg 90w, https:\/\/circuitolocal.cestaagroecologica.com.br\/wp-content\/uploads\/2021\/03\/Logo-MO-produtos.jpg 724w\" sizes=\"auto, (max-width: 300px) 100vw, 300px\" \/><\/a><figcaption><a href=\"http:\/\/www.materiaorganica.com.br\" data-type=\"URL\" data-id=\"www.materiaorganica.com.br\">www.<strong>materiaorganica<\/strong>.com.br<\/a><\/figcaption><\/figure><\/div>\n\n\n\n<p>Consideradas um &#8220;Circuito Curto de Comercializa\u00e7\u00e3o&#8221; (CCC) por apresentar apenas um\/a intermedi\u00e1rio\/a entre produtores\/as e consumidores\/as, a Cesta Pr\u00f3-Imunidade e agora Circuito Agroecol\u00f3gico Local contam com a media\u00e7\u00e3o da educomunicadora Sarah Nery, moradora da Ecovila e respons\u00e1vel pela comunica\u00e7\u00e3o e log\u00edstica das entregas em Saquarema e al\u00e9m! \u00c9 ela quem atende pelos canais de comunica\u00e7\u00e3o da Cesta no Whatsapp, e-mail ou Instagram, al\u00e9m de ser a pessoa respons\u00e1vel por montar este site com a orienta\u00e7\u00e3o da equipe do projeto Tecnologias da Informa\u00e7\u00e3o e Comunica\u00e7\u00e3o, Democracia e Movimentos Sociais (TIC-DeMoS) do N\u00facleo de Solidariedade T\u00e9cnica da UFRJ (SOLTEC), programa do N\u00facleo Interdisciplinar para o Desenvolvimento Social (NIDES) do Centro de Tecnologia (CT) da Universidade Federal do Rio de Janeiro (UFRJ). No comecinho de 2021 fomos contemplados com a hospedagem gratuita deste site e a assessoria dessa equipe incr\u00edvel, al\u00e9m da oportunidade de fazer parte de uma rede de cestas org\u00e2nicas de todo o pa\u00eds que compartilham suas experi\u00eancias para o aprimoramento de todas as pessoas da rede.<\/p>\n\n\n\n<div class=\"wp-block-image\"><figure class=\"aligncenter size-medium\"><img loading=\"lazy\" decoding=\"async\" width=\"300\" height=\"163\" src=\"https:\/\/circuitolocal.cestaagroecologica.com.br\/wp-content\/uploads\/2021\/04\/agricultura-familiar-300x163.jpeg\" alt=\"\" class=\"wp-image-525\" srcset=\"https:\/\/circuitolocal.cestaagroecologica.com.br\/wp-content\/uploads\/2021\/04\/agricultura-familiar-300x163.jpeg 300w, https:\/\/circuitolocal.cestaagroecologica.com.br\/wp-content\/uploads\/2021\/04\/agricultura-familiar-150x82.jpeg 150w, https:\/\/circuitolocal.cestaagroecologica.com.br\/wp-content\/uploads\/2021\/04\/agricultura-familiar-110x60.jpeg 110w, https:\/\/circuitolocal.cestaagroecologica.com.br\/wp-content\/uploads\/2021\/04\/agricultura-familiar-165x90.jpeg 165w, https:\/\/circuitolocal.cestaagroecologica.com.br\/wp-content\/uploads\/2021\/04\/agricultura-familiar.jpeg 474w\" sizes=\"auto, (max-width: 300px) 100vw, 300px\" \/><\/figure><\/div>\n\n\n\n<p>Estamos chegando com energias renovadas para fortalecer ainda mais o circuito agroecol\u00f3gico local e a agricultura familiar e org\u00e2nica da nossa regi\u00e3o! Temos como parcerias permanentes os vizinhos S\u00edtio do Galo e Saqua Fungi, ambas da Serra do Mato Grosso, Saquarema, RJ. E tamb\u00e9m as parceiras Reserva Bot\u00e2nica (Silva Jardim, RJ) e A Gra\u00e7a de Maria (Sana, RJ), fruto da consultoria continuada que a Mat\u00e9ria Org\u00e2nica promove nesses espa\u00e7os incr\u00edveis! Outras parcerias s\u00e3o bem-vindas! <\/p>\n\n\n\n<div class=\"wp-block-jetpack-tiled-gallery aligncenter is-style-columns\"><div class=\"tiled-gallery__gallery\"><div class=\"tiled-gallery__row\"><div class=\"tiled-gallery__col\" style=\"flex-basis:21.80861%\"><figure class=\"tiled-gallery__item\"><img decoding=\"async\" alt=\"\" data-height=\"500\" data-id=\"510\" data-link=\"https:\/\/circuitolocal.cestaagroecologica.com.br\/logo-sitio-do-galo\/\" data-url=\"https:\/\/circuitolocal.cestaagroecologica.com.br\/wp-content\/uploads\/2021\/04\/Logo-Sitio-do-galo.png\" data-width=\"500\" src=\"https:\/\/i1.wp.com\/circuitolocal.cestaagroecologica.com.br\/wp-content\/uploads\/2021\/04\/Logo-Sitio-do-galo.png?ssl=1\" data-amp-layout=\"responsive\"\/><\/figure><\/div><div class=\"tiled-gallery__col\" style=\"flex-basis:28.19329%\"><figure class=\"tiled-gallery__item\"><img decoding=\"async\" alt=\"reserva bot\u00e2nica das \u00e1guas claras\" data-height=\"1199\" data-id=\"250\" data-link=\"https:\/\/circuitolocal.cestaagroecologica.com.br\/1403622_599951213405059_1733972569_o\/\" data-url=\"https:\/\/circuitolocal.cestaagroecologica.com.br\/wp-content\/uploads\/2021\/03\/1403622_599951213405059_1733972569_o.jpg\" data-width=\"1552\" src=\"https:\/\/i0.wp.com\/circuitolocal.cestaagroecologica.com.br\/wp-content\/uploads\/2021\/03\/1403622_599951213405059_1733972569_o.jpg?ssl=1\" data-amp-layout=\"responsive\"\/><\/figure><\/div><div class=\"tiled-gallery__col\" style=\"flex-basis:28.18948%\"><figure class=\"tiled-gallery__item\"><img decoding=\"async\" alt=\"\" data-height=\"989\" data-id=\"909\" data-link=\"https:\/\/circuitolocal.cestaagroecologica.com.br\/index.php\/quem-somos\/graca-de-maria-2\/\" data-url=\"https:\/\/circuitolocal.cestaagroecologica.com.br\/wp-content\/uploads\/2021\/07\/Graca-de-Maria.jpg\" data-width=\"1280\" src=\"https:\/\/i2.wp.com\/circuitolocal.cestaagroecologica.com.br\/wp-content\/uploads\/2021\/07\/Graca-de-Maria.jpg?ssl=1\" data-amp-layout=\"responsive\"\/><\/figure><\/div><div class=\"tiled-gallery__col\" style=\"flex-basis:21.80861%\"><figure class=\"tiled-gallery__item\"><img decoding=\"async\" alt=\"\" data-height=\"1000\" data-id=\"910\" data-link=\"https:\/\/circuitolocal.cestaagroecologica.com.br\/index.php\/quem-somos\/logo-pablito\/\" data-url=\"https:\/\/circuitolocal.cestaagroecologica.com.br\/wp-content\/uploads\/2021\/07\/Logo-Pablito.png\" data-width=\"1000\" src=\"https:\/\/i1.wp.com\/circuitolocal.cestaagroecologica.com.br\/wp-content\/uploads\/2021\/07\/Logo-Pablito.png?ssl=1\" data-amp-layout=\"responsive\"\/><\/figure><\/div><\/div><\/div><\/div>\n\n\n\n<p><\/p>\n","protected":false},"excerpt":{"rendered":"<p>Ol\u00e1, somos o Circuito Agroecol\u00f3gico Local, formado por integrantes da Ecovila Nascentes do Tingu\u00ed, em Saquarema, RJ, e parceiros\/as! O Circuito Agroecol\u00f3gico Local \u00e9 o novo nome da Cesta Org\u00e2nica Pr\u00f3-Imunidade, que ao longo de 2020 entregou alimentos org\u00e2nicos e agroecol\u00f3gicos para Saquarema e regi\u00e3o. Chegamos em 2021 com nome, logo e site novos, mas [&hellip;]<\/p>\n","protected":false},"author":1,"featured_media":0,"parent":0,"menu_order":0,"comment_status":"closed","ping_status":"closed","template":"","meta":{"footnotes":""},"class_list":["post-94","page","type-page","status-publish","hentry"],"_links":{"self":[{"href":"https:\/\/circuitolocal.cestaagroecologica.com.br\/index.php\/wp-json\/wp\/v2\/pages\/94","targetHints":{"allow":["GET"]}}],"collection":[{"href":"https:\/\/circuitolocal.cestaagroecologica.com.br\/index.php\/wp-json\/wp\/v2\/pages"}],"about":[{"href":"https:\/\/circuitolocal.cestaagroecologica.com.br\/index.php\/wp-json\/wp\/v2\/types\/page"}],"author":[{"embeddable":true,"href":"https:\/\/circuitolocal.cestaagroecologica.com.br\/index.php\/wp-json\/wp\/v2\/users\/1"}],"replies":[{"embeddable":true,"href":"https:\/\/circuitolocal.cestaagroecologica.com.br\/index.php\/wp-json\/wp\/v2\/comments?post=94"}],"version-history":[{"count":16,"href":"https:\/\/circuitolocal.cestaagroecologica.com.br\/index.php\/wp-json\/wp\/v2\/pages\/94\/revisions"}],"predecessor-version":[{"id":913,"href":"https:\/\/circuitolocal.cestaagroecologica.com.br\/index.php\/wp-json\/wp\/v2\/pages\/94\/revisions\/913"}],"wp:attachment":[{"href":"https:\/\/circuitolocal.cestaagroecologica.com.br\/index.php\/wp-json\/wp\/v2\/media?parent=94"}],"curies":[{"name":"wp","href":"https:\/\/api.w.org\/{rel}","templated":true}]}}