{"id":1036,"date":"2021-08-21T09:24:54","date_gmt":"2021-08-21T12:24:54","guid":{"rendered":"https:\/\/circuitolocal.cestaagroecologica.com.br\/?post_type=product&#038;p=1036"},"modified":"2021-09-27T10:54:40","modified_gmt":"2021-09-27T13:54:40","slug":"muda-de-cana-do-brejo-unid","status":"publish","type":"product","link":"https:\/\/circuitolocal.cestaagroecologica.com.br\/index.php\/produto\/muda-de-cana-do-brejo-unid\/","title":{"rendered":"Muda de Cana do Brejo (unid)"},"content":{"rendered":"<p><b>Cana do Brejo [Costus spicatus]<\/b><\/p>\n<p>\u201cS\u00e3o atribu\u00eddas \u00e0s suas prepara\u00e7\u00f5es as propriedades depurativa, adstringente e diur\u00e9tica. Informa\u00e7\u00f5es etnofarmacol\u00f3gicas registram o uso das ra\u00edzes e rizomas como diur\u00e9tico, t\u00f4nico, emenagogo e diafor\u00e9tico, enquanto o uso da haste fresca dilu\u00eddo em \u00e1gua tem uso contra gonorr\u00e9ia, s\u00edfilis, nefrite, picadas de insetos, problemas de bexiga e diabetes\u201d (Plantas Medicinais no Brasil, Instituto Plantarum, 2008)<\/p>\n","protected":false},"excerpt":{"rendered":"<p>Muda de Cana do Brejo cultivada por Marilza, no Viveiro Amar, na Ecovila Nascentes do Tingu\u00ed, Saquarema, RJ.<\/p>\n","protected":false},"featured_media":1037,"comment_status":"open","ping_status":"closed","template":"","meta":[],"product_brand":[],"product_cat":[283],"product_tag":[321,94,101,113,115],"class_list":{"0":"post-1036","1":"product","2":"type-product","3":"status-publish","4":"has-post-thumbnail","6":"product_cat-mudaseadubos","7":"product_tag-cana-do-brejo","8":"product_tag-horta","9":"product_tag-medicinais","10":"product_tag-muda","11":"product_tag-viveiro","13":"first","14":"instock","15":"shipping-taxable","16":"product-type-simple"},"_links":{"self":[{"href":"https:\/\/circuitolocal.cestaagroecologica.com.br\/index.php\/wp-json\/wp\/v2\/product\/1036","targetHints":{"allow":["GET"]}}],"collection":[{"href":"https:\/\/circuitolocal.cestaagroecologica.com.br\/index.php\/wp-json\/wp\/v2\/product"}],"about":[{"href":"https:\/\/circuitolocal.cestaagroecologica.com.br\/index.php\/wp-json\/wp\/v2\/types\/product"}],"replies":[{"embeddable":true,"href":"https:\/\/circuitolocal.cestaagroecologica.com.br\/index.php\/wp-json\/wp\/v2\/comments?post=1036"}],"wp:featuredmedia":[{"embeddable":true,"href":"https:\/\/circuitolocal.cestaagroecologica.com.br\/index.php\/wp-json\/wp\/v2\/media\/1037"}],"wp:attachment":[{"href":"https:\/\/circuitolocal.cestaagroecologica.com.br\/index.php\/wp-json\/wp\/v2\/media?parent=1036"}],"wp:term":[{"taxonomy":"product_brand","embeddable":true,"href":"https:\/\/circuitolocal.cestaagroecologica.com.br\/index.php\/wp-json\/wp\/v2\/product_brand?post=1036"},{"taxonomy":"product_cat","embeddable":true,"href":"https:\/\/circuitolocal.cestaagroecologica.com.br\/index.php\/wp-json\/wp\/v2\/product_cat?post=1036"},{"taxonomy":"product_tag","embeddable":true,"href":"https:\/\/circuitolocal.cestaagroecologica.com.br\/index.php\/wp-json\/wp\/v2\/product_tag?post=1036"}],"curies":[{"name":"wp","href":"https:\/\/api.w.org\/{rel}","templated":true}]}}