{"id":1040,"date":"2021-08-21T09:27:23","date_gmt":"2021-08-21T12:27:23","guid":{"rendered":"https:\/\/circuitolocal.cestaagroecologica.com.br\/?post_type=product&#038;p=1040"},"modified":"2021-09-27T10:54:55","modified_gmt":"2021-09-27T13:54:55","slug":"muda-de-capim-limao-unid","status":"publish","type":"product","link":"https:\/\/circuitolocal.cestaagroecologica.com.br\/index.php\/produto\/muda-de-capim-limao-unid\/","title":{"rendered":"Muda de Capim Lim\u00e3o (unid)"},"content":{"rendered":"<p><b>Capim-lim\u00e3o [Cymbopogon citratus]<\/b><\/p>\n<p>\u201cCh\u00e1 de aroma e sabor agrad\u00e1veis e de a\u00e7\u00e3o calmante e espamol\u00edtica suaves, tem atividade antimicrobiana. \u00c9 empregado para al\u00edvio de pequenas crises de c\u00f3licas uterinas e intestinais, bem como no tratamento de nervosismo e estados de intranquilidade, farmacologicamente comprovados\u201d. (Plantas Medicinais no Brasil, Instituto Plantarum, 2008)<\/p>\n","protected":false},"excerpt":{"rendered":"<p>Muda de Capim Lim\u00e3o cultivada por Marilza, no Viveiro Amar, na Ecovila Nascentes do Tingu\u00ed, Saquarema, RJ.<\/p>\n","protected":false},"featured_media":0,"comment_status":"open","ping_status":"closed","template":"","meta":[],"product_brand":[],"product_cat":[283],"product_tag":[322,94,101,113,115],"class_list":{"0":"post-1040","1":"product","2":"type-product","3":"status-publish","5":"product_cat-mudaseadubos","6":"product_tag-capim-limao","7":"product_tag-horta","8":"product_tag-medicinais","9":"product_tag-muda","10":"product_tag-viveiro","12":"first","13":"instock","14":"shipping-taxable","15":"product-type-simple"},"_links":{"self":[{"href":"https:\/\/circuitolocal.cestaagroecologica.com.br\/index.php\/wp-json\/wp\/v2\/product\/1040","targetHints":{"allow":["GET"]}}],"collection":[{"href":"https:\/\/circuitolocal.cestaagroecologica.com.br\/index.php\/wp-json\/wp\/v2\/product"}],"about":[{"href":"https:\/\/circuitolocal.cestaagroecologica.com.br\/index.php\/wp-json\/wp\/v2\/types\/product"}],"replies":[{"embeddable":true,"href":"https:\/\/circuitolocal.cestaagroecologica.com.br\/index.php\/wp-json\/wp\/v2\/comments?post=1040"}],"wp:attachment":[{"href":"https:\/\/circuitolocal.cestaagroecologica.com.br\/index.php\/wp-json\/wp\/v2\/media?parent=1040"}],"wp:term":[{"taxonomy":"product_brand","embeddable":true,"href":"https:\/\/circuitolocal.cestaagroecologica.com.br\/index.php\/wp-json\/wp\/v2\/product_brand?post=1040"},{"taxonomy":"product_cat","embeddable":true,"href":"https:\/\/circuitolocal.cestaagroecologica.com.br\/index.php\/wp-json\/wp\/v2\/product_cat?post=1040"},{"taxonomy":"product_tag","embeddable":true,"href":"https:\/\/circuitolocal.cestaagroecologica.com.br\/index.php\/wp-json\/wp\/v2\/product_tag?post=1040"}],"curies":[{"name":"wp","href":"https:\/\/api.w.org\/{rel}","templated":true}]}}