{"id":146,"date":"2021-03-20T01:03:19","date_gmt":"2021-03-20T04:03:19","guid":{"rendered":"http:\/\/circuitolocal.cestaagroecologica.com.br\/?post_type=product&#038;p=146"},"modified":"2021-10-13T19:44:07","modified_gmt":"2021-10-13T22:44:07","slug":"almeirao-roxo-molho","status":"publish","type":"product","link":"https:\/\/circuitolocal.cestaagroecologica.com.br\/index.php\/produto\/almeirao-roxo-molho\/","title":{"rendered":"Almeir\u00e3o roxo (molho)"},"content":{"rendered":"<p>Almeir\u00e3o roxo org\u00e2nico da Ecovila Nascentes do Tingu\u00ed, Saquarema, RJ.<\/p>\n","protected":false},"excerpt":{"rendered":"<p>Almeir\u00e3o roxo org\u00e2nico da Ecovila Nascentes do Tingu\u00ed, Saquarema, RJ.<\/p>\n","protected":false},"featured_media":147,"comment_status":"open","ping_status":"closed","template":"","meta":[],"product_brand":[],"product_cat":[96],"product_tag":[163,56,55],"class_list":{"0":"post-146","1":"product","2":"type-product","3":"status-publish","4":"has-post-thumbnail","6":"product_cat-materia-organica","7":"product_tag-almeirao","8":"product_tag-hortalicas","9":"product_tag-salada","10":"pa_produtorxs-materia-organica","11":"pa_produtorxs-mm","13":"first","14":"instock","15":"shipping-taxable","16":"product-type-simple"},"_links":{"self":[{"href":"https:\/\/circuitolocal.cestaagroecologica.com.br\/index.php\/wp-json\/wp\/v2\/product\/146","targetHints":{"allow":["GET"]}}],"collection":[{"href":"https:\/\/circuitolocal.cestaagroecologica.com.br\/index.php\/wp-json\/wp\/v2\/product"}],"about":[{"href":"https:\/\/circuitolocal.cestaagroecologica.com.br\/index.php\/wp-json\/wp\/v2\/types\/product"}],"replies":[{"embeddable":true,"href":"https:\/\/circuitolocal.cestaagroecologica.com.br\/index.php\/wp-json\/wp\/v2\/comments?post=146"}],"wp:featuredmedia":[{"embeddable":true,"href":"https:\/\/circuitolocal.cestaagroecologica.com.br\/index.php\/wp-json\/wp\/v2\/media\/147"}],"wp:attachment":[{"href":"https:\/\/circuitolocal.cestaagroecologica.com.br\/index.php\/wp-json\/wp\/v2\/media?parent=146"}],"wp:term":[{"taxonomy":"product_brand","embeddable":true,"href":"https:\/\/circuitolocal.cestaagroecologica.com.br\/index.php\/wp-json\/wp\/v2\/product_brand?post=146"},{"taxonomy":"product_cat","embeddable":true,"href":"https:\/\/circuitolocal.cestaagroecologica.com.br\/index.php\/wp-json\/wp\/v2\/product_cat?post=146"},{"taxonomy":"product_tag","embeddable":true,"href":"https:\/\/circuitolocal.cestaagroecologica.com.br\/index.php\/wp-json\/wp\/v2\/product_tag?post=146"}],"curies":[{"name":"wp","href":"https:\/\/api.w.org\/{rel}","templated":true}]}}