{"id":148,"date":"2021-03-16T02:20:03","date_gmt":"2021-03-16T05:20:03","guid":{"rendered":"http:\/\/circuitolocal.cestaagroecologica.com.br\/?post_type=product&#038;p=148"},"modified":"2021-09-27T10:25:41","modified_gmt":"2021-09-27T13:25:41","slug":"artemisia-porcao","status":"publish","type":"product","link":"https:\/\/circuitolocal.cestaagroecologica.com.br\/index.php\/produto\/artemisia-porcao\/","title":{"rendered":"Artem\u00edsia (ma\u00e7o)"},"content":{"rendered":"<p><b>Artem\u00edsia [Artemisia vulgaris]<\/b><\/p>\n<p>\u201cTodas as partes desta planta t\u00eam sido usadas amplamente na medicina popular h\u00e1 s\u00e9culos em todo o mundo. \u00c9 reconhecida como analg\u00e9sica, antiespasm\u00f3dica e anticonvulsiva, sendo empregada para dispepsia, astenia, epilepsia, dores reum\u00e1ticas, febres, anemias e para expelir parasitos intestinais.\u201d (Plantas Medicinais no Brasil, Instituto Plantarum, 2008)<\/p>\n","protected":false},"excerpt":{"rendered":"<p>Por\u00e7\u00e3o de artem\u00edsia (Artemisia vulgaris) fresca.<\/p>\n","protected":false},"featured_media":149,"comment_status":"open","ping_status":"closed","template":"","meta":[],"product_brand":[],"product_cat":[96],"product_tag":[102,85,101],"class_list":{"0":"post-148","1":"product","2":"type-product","3":"status-publish","4":"has-post-thumbnail","6":"product_cat-materia-organica","7":"product_tag-artemisia","8":"product_tag-ervas","9":"product_tag-medicinais","10":"pa_produtorxs-materia-organica","11":"pa_produtorxs-rojao","13":"first","14":"instock","15":"shipping-taxable","16":"product-type-simple"},"_links":{"self":[{"href":"https:\/\/circuitolocal.cestaagroecologica.com.br\/index.php\/wp-json\/wp\/v2\/product\/148","targetHints":{"allow":["GET"]}}],"collection":[{"href":"https:\/\/circuitolocal.cestaagroecologica.com.br\/index.php\/wp-json\/wp\/v2\/product"}],"about":[{"href":"https:\/\/circuitolocal.cestaagroecologica.com.br\/index.php\/wp-json\/wp\/v2\/types\/product"}],"replies":[{"embeddable":true,"href":"https:\/\/circuitolocal.cestaagroecologica.com.br\/index.php\/wp-json\/wp\/v2\/comments?post=148"}],"wp:featuredmedia":[{"embeddable":true,"href":"https:\/\/circuitolocal.cestaagroecologica.com.br\/index.php\/wp-json\/wp\/v2\/media\/149"}],"wp:attachment":[{"href":"https:\/\/circuitolocal.cestaagroecologica.com.br\/index.php\/wp-json\/wp\/v2\/media?parent=148"}],"wp:term":[{"taxonomy":"product_brand","embeddable":true,"href":"https:\/\/circuitolocal.cestaagroecologica.com.br\/index.php\/wp-json\/wp\/v2\/product_brand?post=148"},{"taxonomy":"product_cat","embeddable":true,"href":"https:\/\/circuitolocal.cestaagroecologica.com.br\/index.php\/wp-json\/wp\/v2\/product_cat?post=148"},{"taxonomy":"product_tag","embeddable":true,"href":"https:\/\/circuitolocal.cestaagroecologica.com.br\/index.php\/wp-json\/wp\/v2\/product_tag?post=148"}],"curies":[{"name":"wp","href":"https:\/\/api.w.org\/{rel}","templated":true}]}}