{"id":154,"date":"2021-03-16T02:47:34","date_gmt":"2021-03-16T05:47:34","guid":{"rendered":"http:\/\/circuitolocal.cestaagroecologica.com.br\/?post_type=product&#038;p=154"},"modified":"2021-09-26T22:03:47","modified_gmt":"2021-09-27T01:03:47","slug":"desodorante-natural-alecrim-120-ml","status":"publish","type":"product","link":"https:\/\/circuitolocal.cestaagroecologica.com.br\/index.php\/produto\/desodorante-natural-alecrim-120-ml\/","title":{"rendered":"Desodorante natural Alecrim (120 ml)"},"content":{"rendered":"<p>Base de \u00f3leos essenciais de tangerina, melaleuca, alecrim e \u00f3leo de copa\u00edba.<\/p>\n<p>Produzido por Melina, Mat\u00e9ria Org\u00e2nica, Ecovila Nascentes do Tingu\u00ed, N\u00facleo MM, Saquarema, RJ.<\/p>\n","protected":false},"excerpt":{"rendered":"<p>Base de \u00f3leos essenciais de tangerina, melaleuca, alecrim e \u00f3leo de copa\u00edba.<\/p>\n","protected":false},"featured_media":155,"comment_status":"open","ping_status":"closed","template":"","meta":[],"product_brand":[],"product_cat":[96],"product_tag":[105,106,107,108],"class_list":{"0":"post-154","1":"product","2":"type-product","3":"status-publish","4":"has-post-thumbnail","6":"product_cat-materia-organica","7":"product_tag-autocuidado","8":"product_tag-desodorante","9":"product_tag-natural","10":"product_tag-oleos-essenciais","11":"pa_produtorxs-materia-organica","12":"pa_produtorxs-mm","14":"first","15":"instock","16":"shipping-taxable","17":"product-type-simple"},"_links":{"self":[{"href":"https:\/\/circuitolocal.cestaagroecologica.com.br\/index.php\/wp-json\/wp\/v2\/product\/154","targetHints":{"allow":["GET"]}}],"collection":[{"href":"https:\/\/circuitolocal.cestaagroecologica.com.br\/index.php\/wp-json\/wp\/v2\/product"}],"about":[{"href":"https:\/\/circuitolocal.cestaagroecologica.com.br\/index.php\/wp-json\/wp\/v2\/types\/product"}],"replies":[{"embeddable":true,"href":"https:\/\/circuitolocal.cestaagroecologica.com.br\/index.php\/wp-json\/wp\/v2\/comments?post=154"}],"wp:featuredmedia":[{"embeddable":true,"href":"https:\/\/circuitolocal.cestaagroecologica.com.br\/index.php\/wp-json\/wp\/v2\/media\/155"}],"wp:attachment":[{"href":"https:\/\/circuitolocal.cestaagroecologica.com.br\/index.php\/wp-json\/wp\/v2\/media?parent=154"}],"wp:term":[{"taxonomy":"product_brand","embeddable":true,"href":"https:\/\/circuitolocal.cestaagroecologica.com.br\/index.php\/wp-json\/wp\/v2\/product_brand?post=154"},{"taxonomy":"product_cat","embeddable":true,"href":"https:\/\/circuitolocal.cestaagroecologica.com.br\/index.php\/wp-json\/wp\/v2\/product_cat?post=154"},{"taxonomy":"product_tag","embeddable":true,"href":"https:\/\/circuitolocal.cestaagroecologica.com.br\/index.php\/wp-json\/wp\/v2\/product_tag?post=154"}],"curies":[{"name":"wp","href":"https:\/\/api.w.org\/{rel}","templated":true}]}}