{"id":168,"date":"2021-03-16T03:30:57","date_gmt":"2021-03-16T06:30:57","guid":{"rendered":"http:\/\/circuitolocal.cestaagroecologica.com.br\/?post_type=product&#038;p=168"},"modified":"2021-09-27T10:49:32","modified_gmt":"2021-09-27T13:49:32","slug":"muda-de-artemisia","status":"publish","type":"product","link":"https:\/\/circuitolocal.cestaagroecologica.com.br\/index.php\/produto\/muda-de-artemisia\/","title":{"rendered":"Muda de Artem\u00edsia"},"content":{"rendered":"<p>Muda de Artem\u00edsia cultivada por Marilza no viveiro da Ecovila Nascentes do Tingu\u00ed, Saquarema, RJ.<\/p>\n","protected":false},"excerpt":{"rendered":"<p>Muda de Artem\u00edsia cultivada por Marilza no viveiro da Ecovila Nascentes do Tingu\u00ed, Saquarema, RJ.<\/p>\n<h3><b>Artem\u00edsia [Artemisia vulgaris]<\/b><\/h3>\n<p>\u201cTodas as partes desta planta t\u00eam sido usadas amplamente na medicina popular h\u00e1 s\u00e9culos em todo o mundo. \u00c9 reconhecida como analg\u00e9sica, antiespasm\u00f3dica e anticonvulsiva, sendo empregada para dispepsia, astenia, epilepsia, dores reum\u00e1ticas, febres, anemias e para expelir parasitos intestinais.\u201d (Plantas Medicinais no Brasil, Instituto Plantarum, 2008)<\/p>\n","protected":false},"featured_media":167,"comment_status":"open","ping_status":"closed","template":"","meta":[],"product_brand":[],"product_cat":[283],"product_tag":[102,85,94,101,113],"class_list":{"0":"post-168","1":"product","2":"type-product","3":"status-publish","4":"has-post-thumbnail","6":"product_cat-mudaseadubos","7":"product_tag-artemisia","8":"product_tag-ervas","9":"product_tag-horta","10":"product_tag-medicinais","11":"product_tag-muda","12":"pa_produtorxs-marilza","13":"pa_produtorxs-materia-organica","15":"first","16":"instock","17":"shipping-taxable","18":"product-type-simple"},"_links":{"self":[{"href":"https:\/\/circuitolocal.cestaagroecologica.com.br\/index.php\/wp-json\/wp\/v2\/product\/168","targetHints":{"allow":["GET"]}}],"collection":[{"href":"https:\/\/circuitolocal.cestaagroecologica.com.br\/index.php\/wp-json\/wp\/v2\/product"}],"about":[{"href":"https:\/\/circuitolocal.cestaagroecologica.com.br\/index.php\/wp-json\/wp\/v2\/types\/product"}],"replies":[{"embeddable":true,"href":"https:\/\/circuitolocal.cestaagroecologica.com.br\/index.php\/wp-json\/wp\/v2\/comments?post=168"}],"wp:featuredmedia":[{"embeddable":true,"href":"https:\/\/circuitolocal.cestaagroecologica.com.br\/index.php\/wp-json\/wp\/v2\/media\/167"}],"wp:attachment":[{"href":"https:\/\/circuitolocal.cestaagroecologica.com.br\/index.php\/wp-json\/wp\/v2\/media?parent=168"}],"wp:term":[{"taxonomy":"product_brand","embeddable":true,"href":"https:\/\/circuitolocal.cestaagroecologica.com.br\/index.php\/wp-json\/wp\/v2\/product_brand?post=168"},{"taxonomy":"product_cat","embeddable":true,"href":"https:\/\/circuitolocal.cestaagroecologica.com.br\/index.php\/wp-json\/wp\/v2\/product_cat?post=168"},{"taxonomy":"product_tag","embeddable":true,"href":"https:\/\/circuitolocal.cestaagroecologica.com.br\/index.php\/wp-json\/wp\/v2\/product_tag?post=168"}],"curies":[{"name":"wp","href":"https:\/\/api.w.org\/{rel}","templated":true}]}}