{"id":279,"date":"2021-04-06T02:49:18","date_gmt":"2021-04-06T05:49:18","guid":{"rendered":"https:\/\/circuitolocal.cestaagroecologica.com.br\/?post_type=product&#038;p=279"},"modified":"2021-05-14T16:16:06","modified_gmt":"2021-05-14T19:16:06","slug":"folha-de-batata-doce-molho","status":"publish","type":"product","link":"https:\/\/circuitolocal.cestaagroecologica.com.br\/index.php\/produto\/folha-de-batata-doce-molho\/","title":{"rendered":"Folha de batata doce (ma\u00e7o)"},"content":{"rendered":"<p>Folhas de batata doce org\u00e2nicas produzidas na Ecovila Nascentes do Tingu\u00ed, Saquarema, RJ.<\/p>\n","protected":false},"excerpt":{"rendered":"<p>Folhas de batata doce org\u00e2nicas produzidas na Ecovila Nascentes do Tingu\u00ed, Saquarema, RJ.<\/p>\n","protected":false},"featured_media":437,"comment_status":"open","ping_status":"closed","template":"","meta":[],"product_brand":[],"product_cat":[96],"product_tag":[156,76,57],"class_list":{"0":"post-279","1":"product","2":"type-product","3":"status-publish","4":"has-post-thumbnail","6":"product_cat-materia-organica","7":"product_tag-batata-doce","8":"product_tag-folha","9":"product_tag-panc","10":"pa_produtorxs-materia-organica","11":"pa_produtorxs-mm","13":"first","14":"outofstock","15":"shipping-taxable","16":"product-type-simple"},"_links":{"self":[{"href":"https:\/\/circuitolocal.cestaagroecologica.com.br\/index.php\/wp-json\/wp\/v2\/product\/279","targetHints":{"allow":["GET"]}}],"collection":[{"href":"https:\/\/circuitolocal.cestaagroecologica.com.br\/index.php\/wp-json\/wp\/v2\/product"}],"about":[{"href":"https:\/\/circuitolocal.cestaagroecologica.com.br\/index.php\/wp-json\/wp\/v2\/types\/product"}],"replies":[{"embeddable":true,"href":"https:\/\/circuitolocal.cestaagroecologica.com.br\/index.php\/wp-json\/wp\/v2\/comments?post=279"}],"wp:featuredmedia":[{"embeddable":true,"href":"https:\/\/circuitolocal.cestaagroecologica.com.br\/index.php\/wp-json\/wp\/v2\/media\/437"}],"wp:attachment":[{"href":"https:\/\/circuitolocal.cestaagroecologica.com.br\/index.php\/wp-json\/wp\/v2\/media?parent=279"}],"wp:term":[{"taxonomy":"product_brand","embeddable":true,"href":"https:\/\/circuitolocal.cestaagroecologica.com.br\/index.php\/wp-json\/wp\/v2\/product_brand?post=279"},{"taxonomy":"product_cat","embeddable":true,"href":"https:\/\/circuitolocal.cestaagroecologica.com.br\/index.php\/wp-json\/wp\/v2\/product_cat?post=279"},{"taxonomy":"product_tag","embeddable":true,"href":"https:\/\/circuitolocal.cestaagroecologica.com.br\/index.php\/wp-json\/wp\/v2\/product_tag?post=279"}],"curies":[{"name":"wp","href":"https:\/\/api.w.org\/{rel}","templated":true}]}}