{"id":396,"date":"2021-04-06T03:28:57","date_gmt":"2021-04-06T06:28:57","guid":{"rendered":"https:\/\/circuitolocal.cestaagroecologica.com.br\/?post_type=product&#038;p=396"},"modified":"2021-09-27T10:26:07","modified_gmt":"2021-09-27T13:26:07","slug":"assa-peixe-maco","status":"publish","type":"product","link":"https:\/\/circuitolocal.cestaagroecologica.com.br\/index.php\/produto\/assa-peixe-maco\/","title":{"rendered":"Assa peixe (ma\u00e7o)"},"content":{"rendered":"<h3>Assa Peixe [Vernonanthura phosphorica]<\/h3>\n<p>\u201cAs folhas jovens podem ser consumidas \u00e0 dor\u00ea ou \u00e0 milanesa, tornando-se altamente crocantes e saborosas, associadas a peixe frito. An\u00e1lises fitoqu\u00edmicas tem detectado a presen\u00e7a de alcal\u00f3ides, glicos\u00eddeos, flavon\u00f3ides e \u00f3leos essenciais, com potencial antioxidante e anti-inflamat\u00f3rio\u201d (Plantas Aliment\u00edcias N\u00e3o Convencionais PANC no Brasil, Instituto Plantarum, 2015)<\/p>\n","protected":false},"excerpt":{"rendered":"<h3>Assa Peixe [Vernonanthura phosphorica] org\u00e2nica cultivada na Ecovila Nascentes do Tingu\u00ed, Saquarema, RJ.<\/h3>\n<h3>.<\/h3>\n","protected":false},"featured_media":436,"comment_status":"open","ping_status":"closed","template":"","meta":[],"product_brand":[],"product_cat":[96],"product_tag":[196,210,46,57],"class_list":{"0":"post-396","1":"product","2":"type-product","3":"status-publish","4":"has-post-thumbnail","6":"product_cat-materia-organica","7":"product_tag-erva","8":"product_tag-medicinal","9":"product_tag-organico","10":"product_tag-panc","11":"pa_produtorxs-materia-organica","12":"pa_produtorxs-rojao","14":"first","15":"instock","16":"shipping-taxable","17":"product-type-simple"},"_links":{"self":[{"href":"https:\/\/circuitolocal.cestaagroecologica.com.br\/index.php\/wp-json\/wp\/v2\/product\/396","targetHints":{"allow":["GET"]}}],"collection":[{"href":"https:\/\/circuitolocal.cestaagroecologica.com.br\/index.php\/wp-json\/wp\/v2\/product"}],"about":[{"href":"https:\/\/circuitolocal.cestaagroecologica.com.br\/index.php\/wp-json\/wp\/v2\/types\/product"}],"replies":[{"embeddable":true,"href":"https:\/\/circuitolocal.cestaagroecologica.com.br\/index.php\/wp-json\/wp\/v2\/comments?post=396"}],"wp:featuredmedia":[{"embeddable":true,"href":"https:\/\/circuitolocal.cestaagroecologica.com.br\/index.php\/wp-json\/wp\/v2\/media\/436"}],"wp:attachment":[{"href":"https:\/\/circuitolocal.cestaagroecologica.com.br\/index.php\/wp-json\/wp\/v2\/media?parent=396"}],"wp:term":[{"taxonomy":"product_brand","embeddable":true,"href":"https:\/\/circuitolocal.cestaagroecologica.com.br\/index.php\/wp-json\/wp\/v2\/product_brand?post=396"},{"taxonomy":"product_cat","embeddable":true,"href":"https:\/\/circuitolocal.cestaagroecologica.com.br\/index.php\/wp-json\/wp\/v2\/product_cat?post=396"},{"taxonomy":"product_tag","embeddable":true,"href":"https:\/\/circuitolocal.cestaagroecologica.com.br\/index.php\/wp-json\/wp\/v2\/product_tag?post=396"}],"curies":[{"name":"wp","href":"https:\/\/api.w.org\/{rel}","templated":true}]}}