{"id":402,"date":"2021-04-06T03:46:55","date_gmt":"2021-04-06T06:46:55","guid":{"rendered":"https:\/\/circuitolocal.cestaagroecologica.com.br\/?post_type=product&#038;p=402"},"modified":"2021-09-27T10:25:25","modified_gmt":"2021-09-27T13:25:25","slug":"alfavaca-maco","status":"publish","type":"product","link":"https:\/\/circuitolocal.cestaagroecologica.com.br\/index.php\/produto\/alfavaca-maco\/","title":{"rendered":"Alfavaca (ma\u00e7o)"},"content":{"rendered":"<p>Alfavaca [Ocimum gratissimum]. Usos medicinais: \u201cSuas folhas s\u00e3o usadas na prepara\u00e7\u00e3o de banhos antigripais, especialmente em crian\u00e7as, e para tratar casos de nervosismo e paralisia; usam-na tamb\u00e9m em ch\u00e1s como carminativos, sudor\u00edficos e diur\u00e9ticos.\u201d (Plantas Medicinais no Brasil, Instituto Plantarum, 2008) Usos culin\u00e1rios: \u201cFolhas frescas ou secas s\u00e3o usadas como tempero. As folhas bem jovens podem ser usadas para ch\u00e1s, para serem bebidos puros ou com leite e a\u00e7\u00facar ou mel. Combina bem com peixes, carnes, frangos. As folhas podem ser empanadas e fritas.\u201d (Plantas Aliment\u00edcias N\u00e3o Convencionais PANC no Brasil, Instituto Plantarum, 2015)<\/p>\n","protected":false},"excerpt":{"rendered":"<p>Alfavaca [Ocimum gratissimum] cultivada na Ecovila Nascentes do Tingu\u00ed, Saquarema, RJ.<\/p>\n","protected":false},"featured_media":433,"comment_status":"open","ping_status":"closed","template":"","meta":[],"product_brand":[],"product_cat":[96],"product_tag":[194,101,57],"class_list":{"0":"post-402","1":"product","2":"type-product","3":"status-publish","4":"has-post-thumbnail","6":"product_cat-materia-organica","7":"product_tag-alfavaca","8":"product_tag-medicinais","9":"product_tag-panc","10":"pa_produtorxs-materia-organica","11":"pa_produtorxs-rojao","13":"first","14":"instock","15":"shipping-taxable","16":"product-type-simple"},"_links":{"self":[{"href":"https:\/\/circuitolocal.cestaagroecologica.com.br\/index.php\/wp-json\/wp\/v2\/product\/402","targetHints":{"allow":["GET"]}}],"collection":[{"href":"https:\/\/circuitolocal.cestaagroecologica.com.br\/index.php\/wp-json\/wp\/v2\/product"}],"about":[{"href":"https:\/\/circuitolocal.cestaagroecologica.com.br\/index.php\/wp-json\/wp\/v2\/types\/product"}],"replies":[{"embeddable":true,"href":"https:\/\/circuitolocal.cestaagroecologica.com.br\/index.php\/wp-json\/wp\/v2\/comments?post=402"}],"wp:featuredmedia":[{"embeddable":true,"href":"https:\/\/circuitolocal.cestaagroecologica.com.br\/index.php\/wp-json\/wp\/v2\/media\/433"}],"wp:attachment":[{"href":"https:\/\/circuitolocal.cestaagroecologica.com.br\/index.php\/wp-json\/wp\/v2\/media?parent=402"}],"wp:term":[{"taxonomy":"product_brand","embeddable":true,"href":"https:\/\/circuitolocal.cestaagroecologica.com.br\/index.php\/wp-json\/wp\/v2\/product_brand?post=402"},{"taxonomy":"product_cat","embeddable":true,"href":"https:\/\/circuitolocal.cestaagroecologica.com.br\/index.php\/wp-json\/wp\/v2\/product_cat?post=402"},{"taxonomy":"product_tag","embeddable":true,"href":"https:\/\/circuitolocal.cestaagroecologica.com.br\/index.php\/wp-json\/wp\/v2\/product_tag?post=402"}],"curies":[{"name":"wp","href":"https:\/\/api.w.org\/{rel}","templated":true}]}}