{"id":411,"date":"2021-04-06T04:12:10","date_gmt":"2021-04-06T07:12:10","guid":{"rendered":"https:\/\/circuitolocal.cestaagroecologica.com.br\/?post_type=product&#038;p=411"},"modified":"2021-06-23T23:00:32","modified_gmt":"2021-06-24T02:00:32","slug":"folhas-de-jurubeba-maco","status":"publish","type":"product","link":"https:\/\/circuitolocal.cestaagroecologica.com.br\/index.php\/produto\/folhas-de-jurubeba-maco\/","title":{"rendered":"Folhas de Jurubeba (ma\u00e7o)"},"content":{"rendered":"<p>Folhas de Jurubeba [Solanum paniculatum]. \u201cNa medicina tradicional, suas ra\u00edzes, folhas e frutos vem sendo, de longa data, largamente empregados contra problemas hep\u00e1ticos e digestivos, por estimular as fun\u00e7\u00f5es digestivas e reduzir o incha\u00e7o do f\u00edgado e ves\u00edcula. \u00c9 tamb\u00e9m considerado \u00fatil contra hepatite e gastrite cr\u00f4nicas, anemias, febres intermitentes, hidropisia e tumores uterinos. O ch\u00e1 de suas folhas \u00e9 muito usado no pa\u00eds como rem\u00e9dio cotidiano contra ressacas ap\u00f3s o consumo exagerado de \u00e1lcool e comida.\u201d (Plantas Medicinais no Brasil, Instituto Plantarum, 2008)<\/p>\n","protected":false},"excerpt":{"rendered":"<p>Folhas de Jurubeba [Solanum paniculatum] cultivadas na Ecovila Nascentes do Tingu\u00ed, Saquarema, RJ.<\/p>\n","protected":false},"featured_media":851,"comment_status":"open","ping_status":"closed","template":"","meta":[],"product_brand":[],"product_cat":[96],"product_tag":[85,199,101],"class_list":{"0":"post-411","1":"product","2":"type-product","3":"status-publish","4":"has-post-thumbnail","6":"product_cat-materia-organica","7":"product_tag-ervas","8":"product_tag-jurubeba","9":"product_tag-medicinais","10":"pa_produtorxs-materia-organica","11":"pa_produtorxs-rojao","13":"first","14":"instock","15":"shipping-taxable","16":"product-type-simple"},"_links":{"self":[{"href":"https:\/\/circuitolocal.cestaagroecologica.com.br\/index.php\/wp-json\/wp\/v2\/product\/411","targetHints":{"allow":["GET"]}}],"collection":[{"href":"https:\/\/circuitolocal.cestaagroecologica.com.br\/index.php\/wp-json\/wp\/v2\/product"}],"about":[{"href":"https:\/\/circuitolocal.cestaagroecologica.com.br\/index.php\/wp-json\/wp\/v2\/types\/product"}],"replies":[{"embeddable":true,"href":"https:\/\/circuitolocal.cestaagroecologica.com.br\/index.php\/wp-json\/wp\/v2\/comments?post=411"}],"wp:featuredmedia":[{"embeddable":true,"href":"https:\/\/circuitolocal.cestaagroecologica.com.br\/index.php\/wp-json\/wp\/v2\/media\/851"}],"wp:attachment":[{"href":"https:\/\/circuitolocal.cestaagroecologica.com.br\/index.php\/wp-json\/wp\/v2\/media?parent=411"}],"wp:term":[{"taxonomy":"product_brand","embeddable":true,"href":"https:\/\/circuitolocal.cestaagroecologica.com.br\/index.php\/wp-json\/wp\/v2\/product_brand?post=411"},{"taxonomy":"product_cat","embeddable":true,"href":"https:\/\/circuitolocal.cestaagroecologica.com.br\/index.php\/wp-json\/wp\/v2\/product_cat?post=411"},{"taxonomy":"product_tag","embeddable":true,"href":"https:\/\/circuitolocal.cestaagroecologica.com.br\/index.php\/wp-json\/wp\/v2\/product_tag?post=411"}],"curies":[{"name":"wp","href":"https:\/\/api.w.org\/{rel}","templated":true}]}}