{"id":412,"date":"2021-04-06T04:16:43","date_gmt":"2021-04-06T07:16:43","guid":{"rendered":"https:\/\/circuitolocal.cestaagroecologica.com.br\/?post_type=product&#038;p=412"},"modified":"2021-07-30T20:58:19","modified_gmt":"2021-07-30T23:58:19","slug":"cascas-de-aroeira-porcao","status":"publish","type":"product","link":"https:\/\/circuitolocal.cestaagroecologica.com.br\/index.php\/produto\/cascas-de-aroeira-porcao\/","title":{"rendered":"Cascas de Aroeira (por\u00e7\u00e3o)"},"content":{"rendered":"<p>Casca da Aroeira [Schinus terebinthifolius]. \u201cA literatura etnobot\u00e2nica cita o uso das cascas, com base na tradi\u00e7\u00e3o popular, na forma de cozimento (decocto), especialmente pelas mulheres, durante v\u00e1rios dias, em banhos de assento ap\u00f3s o parto como anti-inflamat\u00f3rio e cicatrizante, ou como medica\u00e7\u00e3o caseira para o tratamento de doen\u00e7as do sistema urin\u00e1rio e do aparelho respirat\u00f3rio, bem como nos casos de hemorragia uterina.\u201d (Plantas Medicinais no Brasil, Instituto Plantarum, 2008)<\/p>\n","protected":false},"excerpt":{"rendered":"<p>Casca da Aroeira [Schinus terebinthifolius] beneficiada por Rosa, da\u00a0Ecovila Nascentes do Tingu\u00ed, Saquarema, RJ.<\/p>\n","protected":false},"featured_media":429,"comment_status":"open","ping_status":"closed","template":"","meta":[],"product_brand":[],"product_cat":[96],"product_tag":[201,200,85,101],"class_list":{"0":"post-412","1":"product","2":"type-product","3":"status-publish","4":"has-post-thumbnail","6":"product_cat-materia-organica","7":"product_tag-aroeira","8":"product_tag-casca","9":"product_tag-ervas","10":"product_tag-medicinais","11":"pa_produtorxs-materia-organica","12":"pa_produtorxs-rojao","14":"first","15":"instock","16":"shipping-taxable","17":"product-type-simple"},"_links":{"self":[{"href":"https:\/\/circuitolocal.cestaagroecologica.com.br\/index.php\/wp-json\/wp\/v2\/product\/412","targetHints":{"allow":["GET"]}}],"collection":[{"href":"https:\/\/circuitolocal.cestaagroecologica.com.br\/index.php\/wp-json\/wp\/v2\/product"}],"about":[{"href":"https:\/\/circuitolocal.cestaagroecologica.com.br\/index.php\/wp-json\/wp\/v2\/types\/product"}],"replies":[{"embeddable":true,"href":"https:\/\/circuitolocal.cestaagroecologica.com.br\/index.php\/wp-json\/wp\/v2\/comments?post=412"}],"wp:featuredmedia":[{"embeddable":true,"href":"https:\/\/circuitolocal.cestaagroecologica.com.br\/index.php\/wp-json\/wp\/v2\/media\/429"}],"wp:attachment":[{"href":"https:\/\/circuitolocal.cestaagroecologica.com.br\/index.php\/wp-json\/wp\/v2\/media?parent=412"}],"wp:term":[{"taxonomy":"product_brand","embeddable":true,"href":"https:\/\/circuitolocal.cestaagroecologica.com.br\/index.php\/wp-json\/wp\/v2\/product_brand?post=412"},{"taxonomy":"product_cat","embeddable":true,"href":"https:\/\/circuitolocal.cestaagroecologica.com.br\/index.php\/wp-json\/wp\/v2\/product_cat?post=412"},{"taxonomy":"product_tag","embeddable":true,"href":"https:\/\/circuitolocal.cestaagroecologica.com.br\/index.php\/wp-json\/wp\/v2\/product_tag?post=412"}],"curies":[{"name":"wp","href":"https:\/\/api.w.org\/{rel}","templated":true}]}}