{"id":49,"date":"2021-03-05T02:54:56","date_gmt":"2021-03-05T05:54:56","guid":{"rendered":"http:\/\/circuitolocal.cestaagroecologica.com.br\/?post_type=product&#038;p=49"},"modified":"2021-09-27T10:31:39","modified_gmt":"2021-09-27T13:31:39","slug":"desinfetante-de-limao-500ml","status":"publish","type":"product","link":"https:\/\/circuitolocal.cestaagroecologica.com.br\/index.php\/produto\/desinfetante-de-limao-500ml\/","title":{"rendered":"Desinfetante de lim\u00e3o (500ml)"},"content":{"rendered":"<p>Feito com casca de lim\u00e3o, \u00e1gua e \u00e1lcool: aproveita as propriedades antiss\u00e9pticas do lim\u00e3o para a limpeza da casa. Pode ser dilu\u00eddo em \u00e1gua. Tem aroma natural de lim\u00e3o.<\/p>\n","protected":false},"excerpt":{"rendered":"<p>Produzido por Rosa, n\u00facleo RoJ\u00e3o, Ecovila Nascentes do Tingu\u00ed, Saquarema, RJ.<\/p>\n","protected":false},"featured_media":50,"comment_status":"open","ping_status":"closed","template":"","meta":[],"product_brand":[],"product_cat":[96],"product_tag":[73,71,72,214],"class_list":{"0":"post-49","1":"product","2":"type-product","3":"status-publish","4":"has-post-thumbnail","6":"product_cat-materia-organica","7":"product_tag-alcool","8":"product_tag-desinfetante","9":"product_tag-limao","10":"product_tag-limpeza","11":"pa_produtorxs-materia-organica","12":"pa_produtorxs-rojao","14":"first","15":"instock","16":"shipping-taxable","17":"product-type-simple"},"_links":{"self":[{"href":"https:\/\/circuitolocal.cestaagroecologica.com.br\/index.php\/wp-json\/wp\/v2\/product\/49","targetHints":{"allow":["GET"]}}],"collection":[{"href":"https:\/\/circuitolocal.cestaagroecologica.com.br\/index.php\/wp-json\/wp\/v2\/product"}],"about":[{"href":"https:\/\/circuitolocal.cestaagroecologica.com.br\/index.php\/wp-json\/wp\/v2\/types\/product"}],"replies":[{"embeddable":true,"href":"https:\/\/circuitolocal.cestaagroecologica.com.br\/index.php\/wp-json\/wp\/v2\/comments?post=49"}],"wp:featuredmedia":[{"embeddable":true,"href":"https:\/\/circuitolocal.cestaagroecologica.com.br\/index.php\/wp-json\/wp\/v2\/media\/50"}],"wp:attachment":[{"href":"https:\/\/circuitolocal.cestaagroecologica.com.br\/index.php\/wp-json\/wp\/v2\/media?parent=49"}],"wp:term":[{"taxonomy":"product_brand","embeddable":true,"href":"https:\/\/circuitolocal.cestaagroecologica.com.br\/index.php\/wp-json\/wp\/v2\/product_brand?post=49"},{"taxonomy":"product_cat","embeddable":true,"href":"https:\/\/circuitolocal.cestaagroecologica.com.br\/index.php\/wp-json\/wp\/v2\/product_cat?post=49"},{"taxonomy":"product_tag","embeddable":true,"href":"https:\/\/circuitolocal.cestaagroecologica.com.br\/index.php\/wp-json\/wp\/v2\/product_tag?post=49"}],"curies":[{"name":"wp","href":"https:\/\/api.w.org\/{rel}","templated":true}]}}