{"id":490,"date":"2021-04-16T19:15:05","date_gmt":"2021-04-16T22:15:05","guid":{"rendered":"https:\/\/circuitolocal.cestaagroecologica.com.br\/?post_type=product&#038;p=490"},"modified":"2021-07-30T21:13:15","modified_gmt":"2021-07-31T00:13:15","slug":"massa-de-pizza-integral-25cm-2-unid","status":"publish","type":"product","link":"https:\/\/circuitolocal.cestaagroecologica.com.br\/index.php\/produto\/massa-de-pizza-integral-25cm-2-unid\/","title":{"rendered":"Massa de pizza integral 25cm (2 unid)"},"content":{"rendered":"<p>Massa de pizza integral feita por Marilza na Ecovila Nascentes do TIngu\u00ed, Saquarema, RJ. Ingredientes: farinha de trigo integral, farinha branca, \u00f3leo de girassol, farelo de trigo, linha\u00e7a, aveia e fermento biol\u00f3gico.<\/p>\n","protected":false},"excerpt":{"rendered":"<p>Ingredientes: farinha de trigo integral, farinha branca, \u00f3leo de girassol, farelo de trigo, linha\u00e7a, aveia e fermento biol\u00f3gico.<\/p>\n","protected":false},"featured_media":583,"comment_status":"open","ping_status":"closed","template":"","meta":[],"product_brand":[],"product_cat":[96],"product_tag":[217,53,215,216],"class_list":{"0":"post-490","1":"product","2":"type-product","3":"status-publish","4":"has-post-thumbnail","6":"product_cat-materia-organica","7":"product_tag-graos","8":"product_tag-integral","9":"product_tag-massa","10":"product_tag-pizza","11":"pa_produtorxs-marilza","12":"pa_produtorxs-materia-organica","14":"first","15":"outofstock","16":"shipping-taxable","17":"product-type-simple"},"_links":{"self":[{"href":"https:\/\/circuitolocal.cestaagroecologica.com.br\/index.php\/wp-json\/wp\/v2\/product\/490","targetHints":{"allow":["GET"]}}],"collection":[{"href":"https:\/\/circuitolocal.cestaagroecologica.com.br\/index.php\/wp-json\/wp\/v2\/product"}],"about":[{"href":"https:\/\/circuitolocal.cestaagroecologica.com.br\/index.php\/wp-json\/wp\/v2\/types\/product"}],"replies":[{"embeddable":true,"href":"https:\/\/circuitolocal.cestaagroecologica.com.br\/index.php\/wp-json\/wp\/v2\/comments?post=490"}],"wp:featuredmedia":[{"embeddable":true,"href":"https:\/\/circuitolocal.cestaagroecologica.com.br\/index.php\/wp-json\/wp\/v2\/media\/583"}],"wp:attachment":[{"href":"https:\/\/circuitolocal.cestaagroecologica.com.br\/index.php\/wp-json\/wp\/v2\/media?parent=490"}],"wp:term":[{"taxonomy":"product_brand","embeddable":true,"href":"https:\/\/circuitolocal.cestaagroecologica.com.br\/index.php\/wp-json\/wp\/v2\/product_brand?post=490"},{"taxonomy":"product_cat","embeddable":true,"href":"https:\/\/circuitolocal.cestaagroecologica.com.br\/index.php\/wp-json\/wp\/v2\/product_cat?post=490"},{"taxonomy":"product_tag","embeddable":true,"href":"https:\/\/circuitolocal.cestaagroecologica.com.br\/index.php\/wp-json\/wp\/v2\/product_tag?post=490"}],"curies":[{"name":"wp","href":"https:\/\/api.w.org\/{rel}","templated":true}]}}