{"id":616,"date":"2021-05-14T14:55:26","date_gmt":"2021-05-14T17:55:26","guid":{"rendered":"https:\/\/circuitolocal.cestaagroecologica.com.br\/?post_type=product&#038;p=616"},"modified":"2021-09-27T10:48:56","modified_gmt":"2021-09-27T13:48:56","slug":"muda-de-arnica-brasileira","status":"publish","type":"product","link":"https:\/\/circuitolocal.cestaagroecologica.com.br\/index.php\/produto\/muda-de-arnica-brasileira\/","title":{"rendered":"Muda de Arnica brasileira"},"content":{"rendered":"<h3><b>Arnica [Solidago chilensis]<\/b><\/h3>\n<p>\u201cPor ser considerada t\u00f3xica, seu uso interno s\u00f3 deve ser feito com estrita indica\u00e7\u00e3o e acompanhamento m\u00e9dico. \u00c9 empregada externamente no tratamento de ferimentos, escoria\u00e7\u00f5es, traumatismos e contus\u00f5es em substitui\u00e7\u00e3o \u00e0 arnica verdadeira (Arnica montana) (&#8230;) pela aplica\u00e7\u00e3o direta sobre a \u00e1rea afetada com aux\u00edlio de um peda\u00e7o de algod\u00e3o ou compressas embebidos na tintura ou macera\u00e7\u00e3o em \u00e1lcool de suas folhas e rizomas.\u201d (Plantas Medicinais no Brasil, Instituto Plantarum, 2008)<\/p>\n","protected":false},"excerpt":{"rendered":"<p>Muda de Arnica brasileira cultivada por Marilza no viveiro da Ecovila Nascentes do Tingu\u00ed, em Saquarema, RJ.<\/p>\n","protected":false},"featured_media":630,"comment_status":"open","ping_status":"closed","template":"","meta":[],"product_brand":[],"product_cat":[283],"product_tag":[230,94,101,113],"class_list":{"0":"post-616","1":"product","2":"type-product","3":"status-publish","4":"has-post-thumbnail","6":"product_cat-mudaseadubos","7":"product_tag-arnica","8":"product_tag-horta","9":"product_tag-medicinais","10":"product_tag-muda","12":"first","13":"instock","14":"shipping-taxable","15":"product-type-simple"},"_links":{"self":[{"href":"https:\/\/circuitolocal.cestaagroecologica.com.br\/index.php\/wp-json\/wp\/v2\/product\/616","targetHints":{"allow":["GET"]}}],"collection":[{"href":"https:\/\/circuitolocal.cestaagroecologica.com.br\/index.php\/wp-json\/wp\/v2\/product"}],"about":[{"href":"https:\/\/circuitolocal.cestaagroecologica.com.br\/index.php\/wp-json\/wp\/v2\/types\/product"}],"replies":[{"embeddable":true,"href":"https:\/\/circuitolocal.cestaagroecologica.com.br\/index.php\/wp-json\/wp\/v2\/comments?post=616"}],"wp:featuredmedia":[{"embeddable":true,"href":"https:\/\/circuitolocal.cestaagroecologica.com.br\/index.php\/wp-json\/wp\/v2\/media\/630"}],"wp:attachment":[{"href":"https:\/\/circuitolocal.cestaagroecologica.com.br\/index.php\/wp-json\/wp\/v2\/media?parent=616"}],"wp:term":[{"taxonomy":"product_brand","embeddable":true,"href":"https:\/\/circuitolocal.cestaagroecologica.com.br\/index.php\/wp-json\/wp\/v2\/product_brand?post=616"},{"taxonomy":"product_cat","embeddable":true,"href":"https:\/\/circuitolocal.cestaagroecologica.com.br\/index.php\/wp-json\/wp\/v2\/product_cat?post=616"},{"taxonomy":"product_tag","embeddable":true,"href":"https:\/\/circuitolocal.cestaagroecologica.com.br\/index.php\/wp-json\/wp\/v2\/product_tag?post=616"}],"curies":[{"name":"wp","href":"https:\/\/api.w.org\/{rel}","templated":true}]}}