{"id":617,"date":"2021-05-14T11:41:37","date_gmt":"2021-05-14T14:41:37","guid":{"rendered":"https:\/\/circuitolocal.cestaagroecologica.com.br\/?post_type=product&#038;p=617"},"modified":"2021-09-27T10:54:24","modified_gmt":"2021-09-27T13:54:24","slug":"muda-de-cambarazinho","status":"publish","type":"product","link":"https:\/\/circuitolocal.cestaagroecologica.com.br\/index.php\/produto\/muda-de-cambarazinho\/","title":{"rendered":"Muda de Cambarazinho"},"content":{"rendered":"<h3><b>Cambarazinho [Lantana camara]<\/b><\/h3>\n<p>\u201cSuas folhas s\u00e3o consideradas como t\u00f4nica, sudor\u00edfica, antipir\u00e9tica, sendo indicadas para problemas bronco-pulmonares e reumatismo, bem como para sarnas, na forma de banho. \u00c9 recomendado na forma de compressa contra reumatismo, contus\u00f5es, esfoladuras, dores musculares e dores nas articula\u00e7\u00f5es\u201d (Plantas Medicinais no Brasil, Instituto Plantarum, 2008)<\/p>\n","protected":false},"excerpt":{"rendered":"<p>Muda de cambarazinho cultivada por Marilza no viveiro da Ecovila Nascentes do Tingu\u00ed, Saquarema, RJ.<\/p>\n","protected":false},"featured_media":627,"comment_status":"open","ping_status":"closed","template":"","meta":[],"product_brand":[],"product_cat":[283],"product_tag":[239,94,101,113],"class_list":{"0":"post-617","1":"product","2":"type-product","3":"status-publish","4":"has-post-thumbnail","6":"product_cat-mudaseadubos","7":"product_tag-cambarazinho","8":"product_tag-horta","9":"product_tag-medicinais","10":"product_tag-muda","11":"pa_produtorxs-marilza","12":"pa_produtorxs-materia-organica","14":"first","15":"instock","16":"shipping-taxable","17":"product-type-simple"},"_links":{"self":[{"href":"https:\/\/circuitolocal.cestaagroecologica.com.br\/index.php\/wp-json\/wp\/v2\/product\/617","targetHints":{"allow":["GET"]}}],"collection":[{"href":"https:\/\/circuitolocal.cestaagroecologica.com.br\/index.php\/wp-json\/wp\/v2\/product"}],"about":[{"href":"https:\/\/circuitolocal.cestaagroecologica.com.br\/index.php\/wp-json\/wp\/v2\/types\/product"}],"replies":[{"embeddable":true,"href":"https:\/\/circuitolocal.cestaagroecologica.com.br\/index.php\/wp-json\/wp\/v2\/comments?post=617"}],"wp:featuredmedia":[{"embeddable":true,"href":"https:\/\/circuitolocal.cestaagroecologica.com.br\/index.php\/wp-json\/wp\/v2\/media\/627"}],"wp:attachment":[{"href":"https:\/\/circuitolocal.cestaagroecologica.com.br\/index.php\/wp-json\/wp\/v2\/media?parent=617"}],"wp:term":[{"taxonomy":"product_brand","embeddable":true,"href":"https:\/\/circuitolocal.cestaagroecologica.com.br\/index.php\/wp-json\/wp\/v2\/product_brand?post=617"},{"taxonomy":"product_cat","embeddable":true,"href":"https:\/\/circuitolocal.cestaagroecologica.com.br\/index.php\/wp-json\/wp\/v2\/product_cat?post=617"},{"taxonomy":"product_tag","embeddable":true,"href":"https:\/\/circuitolocal.cestaagroecologica.com.br\/index.php\/wp-json\/wp\/v2\/product_tag?post=617"}],"curies":[{"name":"wp","href":"https:\/\/api.w.org\/{rel}","templated":true}]}}