{"id":682,"date":"2021-06-04T17:29:44","date_gmt":"2021-06-04T20:29:44","guid":{"rendered":"https:\/\/circuitolocal.cestaagroecologica.com.br\/?post_type=product&#038;p=682"},"modified":"2021-09-27T10:28:30","modified_gmt":"2021-09-27T13:28:30","slug":"centela-asiatica-maco","status":"publish","type":"product","link":"https:\/\/circuitolocal.cestaagroecologica.com.br\/index.php\/produto\/centela-asiatica-maco\/","title":{"rendered":"Centela asi\u00e1tica (ma\u00e7o)"},"content":{"rendered":"<h3><b>Centela [Centella asiatica]<\/b><\/h3>\n<p>\u201cSuas folhas s\u00e3o empregadas na medicina caseira em v\u00e1rias regi\u00f5es do Brasil, sendo indicada para a ativa\u00e7\u00e3o da circula\u00e7\u00e3o sangu\u00ednea. Em uso externo possui propriedade anti-inflamat\u00f3ria e cicatrizante. Contuto, em altas doses poder\u00e1 causar fotossensibilidade, sonol\u00eancia, fraqueza e dor de cabe\u00e7a. \u00c9 recomendada como depurativo, cicatrizante (eczemas, \u00falceras e pruridos) e para o metabolismo da gordura.\u201d (Plantas Medicinais no Brasil, Instituto Plantarum, 2008)<\/p>\n","protected":false},"excerpt":{"rendered":"<p>Centela asi\u00e1tica org\u00e2nica cultivada na Ecovila Nascentes do Tingu\u00ed, Saquamema, RJ.<\/p>\n","protected":false},"featured_media":798,"comment_status":"open","ping_status":"closed","template":"","meta":[],"product_brand":[],"product_cat":[96],"product_tag":[260,85,101,46],"class_list":{"0":"post-682","1":"product","2":"type-product","3":"status-publish","4":"has-post-thumbnail","6":"product_cat-materia-organica","7":"product_tag-centela","8":"product_tag-ervas","9":"product_tag-medicinais","10":"product_tag-organico","12":"first","13":"instock","14":"shipping-taxable","15":"product-type-simple"},"_links":{"self":[{"href":"https:\/\/circuitolocal.cestaagroecologica.com.br\/index.php\/wp-json\/wp\/v2\/product\/682","targetHints":{"allow":["GET"]}}],"collection":[{"href":"https:\/\/circuitolocal.cestaagroecologica.com.br\/index.php\/wp-json\/wp\/v2\/product"}],"about":[{"href":"https:\/\/circuitolocal.cestaagroecologica.com.br\/index.php\/wp-json\/wp\/v2\/types\/product"}],"replies":[{"embeddable":true,"href":"https:\/\/circuitolocal.cestaagroecologica.com.br\/index.php\/wp-json\/wp\/v2\/comments?post=682"}],"wp:featuredmedia":[{"embeddable":true,"href":"https:\/\/circuitolocal.cestaagroecologica.com.br\/index.php\/wp-json\/wp\/v2\/media\/798"}],"wp:attachment":[{"href":"https:\/\/circuitolocal.cestaagroecologica.com.br\/index.php\/wp-json\/wp\/v2\/media?parent=682"}],"wp:term":[{"taxonomy":"product_brand","embeddable":true,"href":"https:\/\/circuitolocal.cestaagroecologica.com.br\/index.php\/wp-json\/wp\/v2\/product_brand?post=682"},{"taxonomy":"product_cat","embeddable":true,"href":"https:\/\/circuitolocal.cestaagroecologica.com.br\/index.php\/wp-json\/wp\/v2\/product_cat?post=682"},{"taxonomy":"product_tag","embeddable":true,"href":"https:\/\/circuitolocal.cestaagroecologica.com.br\/index.php\/wp-json\/wp\/v2\/product_tag?post=682"}],"curies":[{"name":"wp","href":"https:\/\/api.w.org\/{rel}","templated":true}]}}