{"id":685,"date":"2021-06-04T18:07:13","date_gmt":"2021-06-04T21:07:13","guid":{"rendered":"https:\/\/circuitolocal.cestaagroecologica.com.br\/?post_type=product&#038;p=685"},"modified":"2021-06-23T22:16:35","modified_gmt":"2021-06-24T01:16:35","slug":"picao-preto-maco","status":"publish","type":"product","link":"https:\/\/circuitolocal.cestaagroecologica.com.br\/index.php\/produto\/picao-preto-maco\/","title":{"rendered":"Pic\u00e3o preto (ma\u00e7o)"},"content":{"rendered":"<h3><b>Pic\u00e3o-preto [Bidens pilosa]<\/b><\/h3>\n<p>\u201c\u00c9 uma boa fonte de prote\u00edna, fibra, magn\u00e9sio e com alto teor de cobre. Suas folhas, ramos e flores jovens s\u00e3o amplamente utilizados na medicina caseira e tamb\u00e9m para uso culin\u00e1rio. Pode ser consumido refogado, em risotos ou como ch\u00e1 gelado. Al\u00e9m de atividade antioxidante, apresenta em sua composi\u00e7\u00e3o: prote\u00ednas, lip\u00eddios, carboidratos, fibras, pot\u00e1ssio, ferro, magn\u00e9sio, mangan\u00eas, c\u00e1lcio, zinco, cobre e energia. \u201c\u00c9 uma hortali\u00e7a promissora e suas flores jovens podem ser usadas para ch\u00e1\u201d (Plantas Aliment\u00edcias N\u00e3o Convencionais PANC no Brasil, Instituto Plantarum, 2015)<\/p>\n<p>&nbsp;<\/p>\n<p>\u201cEsta planta possui uma longa hist\u00f3ria de uso na medicina caseira entre os povos ind\u00edgenas da Amaz\u00f4nia. Virtualmente, todas as partes s\u00e3o empregadas, principalmente contra angina, diabetes, disenteria, aftosa, hepatite, laringite, verminosa e hidropsia. Sua infus\u00e3o \u00e9 tamb\u00e9m empregada por ind\u00edgenas como diur\u00e9tica, emenagoga, anti-disent\u00e9rica e para o tratamento da icter\u00edcia. Na medicina tradicional brasileira \u00e9 considerada diur\u00e9tica e emoliente, sendo utilizada principalmente contra febres, blenorragia, leucorr\u00e9ia, diabetes, icter\u00edcia, problemas de f\u00edgado e infec\u00e7\u00f5es urin\u00e1rias e vaginais.\u201d (Plantas Medicinais no Brasil, Instituto Plantarum, 2008)<\/p>\n","protected":false},"excerpt":{"rendered":"<p>Pic\u00e3o preto (Bidens pilosa) org\u00e2nico cultivado pela Mat\u00e9ria Org\u00e2nica na Ecovila Nascentes do Tingu\u00ed, Saquamema, RJ.<\/p>\n","protected":false},"featured_media":797,"comment_status":"open","ping_status":"closed","template":"","meta":[],"product_brand":[],"product_cat":[96],"product_tag":[85,101,57,261],"class_list":{"0":"post-685","1":"product","2":"type-product","3":"status-publish","4":"has-post-thumbnail","6":"product_cat-materia-organica","7":"product_tag-ervas","8":"product_tag-medicinais","9":"product_tag-panc","10":"product_tag-picao-preto","12":"first","13":"instock","14":"shipping-taxable","15":"product-type-simple"},"_links":{"self":[{"href":"https:\/\/circuitolocal.cestaagroecologica.com.br\/index.php\/wp-json\/wp\/v2\/product\/685","targetHints":{"allow":["GET"]}}],"collection":[{"href":"https:\/\/circuitolocal.cestaagroecologica.com.br\/index.php\/wp-json\/wp\/v2\/product"}],"about":[{"href":"https:\/\/circuitolocal.cestaagroecologica.com.br\/index.php\/wp-json\/wp\/v2\/types\/product"}],"replies":[{"embeddable":true,"href":"https:\/\/circuitolocal.cestaagroecologica.com.br\/index.php\/wp-json\/wp\/v2\/comments?post=685"}],"wp:featuredmedia":[{"embeddable":true,"href":"https:\/\/circuitolocal.cestaagroecologica.com.br\/index.php\/wp-json\/wp\/v2\/media\/797"}],"wp:attachment":[{"href":"https:\/\/circuitolocal.cestaagroecologica.com.br\/index.php\/wp-json\/wp\/v2\/media?parent=685"}],"wp:term":[{"taxonomy":"product_brand","embeddable":true,"href":"https:\/\/circuitolocal.cestaagroecologica.com.br\/index.php\/wp-json\/wp\/v2\/product_brand?post=685"},{"taxonomy":"product_cat","embeddable":true,"href":"https:\/\/circuitolocal.cestaagroecologica.com.br\/index.php\/wp-json\/wp\/v2\/product_cat?post=685"},{"taxonomy":"product_tag","embeddable":true,"href":"https:\/\/circuitolocal.cestaagroecologica.com.br\/index.php\/wp-json\/wp\/v2\/product_tag?post=685"}],"curies":[{"name":"wp","href":"https:\/\/api.w.org\/{rel}","templated":true}]}}