{"id":70,"date":"2021-03-05T03:24:17","date_gmt":"2021-03-05T06:24:17","guid":{"rendered":"http:\/\/circuitolocal.cestaagroecologica.com.br\/?post_type=product&#038;p=70"},"modified":"2021-09-27T10:32:32","modified_gmt":"2021-09-27T13:32:32","slug":"flor-de-sal-temperado-10g","status":"publish","type":"product","link":"https:\/\/circuitolocal.cestaagroecologica.com.br\/index.php\/produto\/flor-de-sal-temperado-10g\/","title":{"rendered":"Flor de sal temperado (10g)"},"content":{"rendered":"<p>FLOR DE SAL TEMPERADO com ervas da horta (vendido a peso).<\/p>\n","protected":false},"excerpt":{"rendered":"<p>FLOR DE SAL TEMPERADO com ervas da horta (vendido a peso), produzido por Rosa, N\u00facleo Roj\u00e3o, Ecovila Nascentes do Tingu\u00ed, Saquarema, RJ.<\/p>\n","protected":false},"featured_media":71,"comment_status":"open","ping_status":"closed","template":"","meta":[],"product_brand":[],"product_cat":[96],"product_tag":[92,94,93,95],"class_list":{"0":"post-70","1":"product","2":"type-product","3":"status-publish","4":"has-post-thumbnail","6":"product_cat-materia-organica","7":"product_tag-flor","8":"product_tag-horta","9":"product_tag-sal","10":"product_tag-tempero","11":"pa_produtorxs-materia-organica","13":"first","14":"instock","15":"shipping-taxable","16":"product-type-simple"},"_links":{"self":[{"href":"https:\/\/circuitolocal.cestaagroecologica.com.br\/index.php\/wp-json\/wp\/v2\/product\/70","targetHints":{"allow":["GET"]}}],"collection":[{"href":"https:\/\/circuitolocal.cestaagroecologica.com.br\/index.php\/wp-json\/wp\/v2\/product"}],"about":[{"href":"https:\/\/circuitolocal.cestaagroecologica.com.br\/index.php\/wp-json\/wp\/v2\/types\/product"}],"replies":[{"embeddable":true,"href":"https:\/\/circuitolocal.cestaagroecologica.com.br\/index.php\/wp-json\/wp\/v2\/comments?post=70"}],"wp:featuredmedia":[{"embeddable":true,"href":"https:\/\/circuitolocal.cestaagroecologica.com.br\/index.php\/wp-json\/wp\/v2\/media\/71"}],"wp:attachment":[{"href":"https:\/\/circuitolocal.cestaagroecologica.com.br\/index.php\/wp-json\/wp\/v2\/media?parent=70"}],"wp:term":[{"taxonomy":"product_brand","embeddable":true,"href":"https:\/\/circuitolocal.cestaagroecologica.com.br\/index.php\/wp-json\/wp\/v2\/product_brand?post=70"},{"taxonomy":"product_cat","embeddable":true,"href":"https:\/\/circuitolocal.cestaagroecologica.com.br\/index.php\/wp-json\/wp\/v2\/product_cat?post=70"},{"taxonomy":"product_tag","embeddable":true,"href":"https:\/\/circuitolocal.cestaagroecologica.com.br\/index.php\/wp-json\/wp\/v2\/product_tag?post=70"}],"curies":[{"name":"wp","href":"https:\/\/api.w.org\/{rel}","templated":true}]}}