{"id":712,"date":"2021-06-05T12:20:37","date_gmt":"2021-06-05T15:20:37","guid":{"rendered":"https:\/\/circuitolocal.cestaagroecologica.com.br\/?post_type=product&#038;p=712"},"modified":"2021-08-23T15:07:44","modified_gmt":"2021-08-23T18:07:44","slug":"mel-agroflorestal-400g","status":"publish","type":"product","link":"https:\/\/circuitolocal.cestaagroecologica.com.br\/index.php\/produto\/mel-agroflorestal-400g\/","title":{"rendered":"Mel agroecol\u00f3gico (400g)"},"content":{"rendered":"<p>Mel agroflorestal produzido no s\u00edtio A Gra\u00e7a de Maria, Sana, RJ.<\/p>\n","protected":false},"excerpt":{"rendered":"<p>Mel agroflorestal produzido no s\u00edtio A Gra\u00e7a de Maria, Sana, RJ.<\/p>\n","protected":false},"featured_media":956,"comment_status":"open","ping_status":"closed","template":"","meta":[],"product_brand":[],"product_cat":[266],"product_tag":[241,268,267],"class_list":{"0":"post-712","1":"product","2":"type-product","3":"status-publish","4":"has-post-thumbnail","6":"product_cat-agracademaria","7":"product_tag-agrofloresta","8":"product_tag-graca-de-maria","9":"product_tag-mel","11":"first","12":"outofstock","13":"shipping-taxable","14":"product-type-simple"},"_links":{"self":[{"href":"https:\/\/circuitolocal.cestaagroecologica.com.br\/index.php\/wp-json\/wp\/v2\/product\/712","targetHints":{"allow":["GET"]}}],"collection":[{"href":"https:\/\/circuitolocal.cestaagroecologica.com.br\/index.php\/wp-json\/wp\/v2\/product"}],"about":[{"href":"https:\/\/circuitolocal.cestaagroecologica.com.br\/index.php\/wp-json\/wp\/v2\/types\/product"}],"replies":[{"embeddable":true,"href":"https:\/\/circuitolocal.cestaagroecologica.com.br\/index.php\/wp-json\/wp\/v2\/comments?post=712"}],"wp:featuredmedia":[{"embeddable":true,"href":"https:\/\/circuitolocal.cestaagroecologica.com.br\/index.php\/wp-json\/wp\/v2\/media\/956"}],"wp:attachment":[{"href":"https:\/\/circuitolocal.cestaagroecologica.com.br\/index.php\/wp-json\/wp\/v2\/media?parent=712"}],"wp:term":[{"taxonomy":"product_brand","embeddable":true,"href":"https:\/\/circuitolocal.cestaagroecologica.com.br\/index.php\/wp-json\/wp\/v2\/product_brand?post=712"},{"taxonomy":"product_cat","embeddable":true,"href":"https:\/\/circuitolocal.cestaagroecologica.com.br\/index.php\/wp-json\/wp\/v2\/product_cat?post=712"},{"taxonomy":"product_tag","embeddable":true,"href":"https:\/\/circuitolocal.cestaagroecologica.com.br\/index.php\/wp-json\/wp\/v2\/product_tag?post=712"}],"curies":[{"name":"wp","href":"https:\/\/api.w.org\/{rel}","templated":true}]}}