{"id":722,"date":"2021-06-05T13:13:50","date_gmt":"2021-06-05T16:13:50","guid":{"rendered":"https:\/\/circuitolocal.cestaagroecologica.com.br\/?post_type=product&#038;p=722"},"modified":"2021-07-30T21:34:23","modified_gmt":"2021-07-31T00:34:23","slug":"oximel-250ml","status":"publish","type":"product","link":"https:\/\/circuitolocal.cestaagroecologica.com.br\/index.php\/produto\/oximel-250ml\/","title":{"rendered":"Oxymel (250ml)"},"content":{"rendered":"<p><span style=\"font-family: Tempus Sans ITC, serif;\">O Oxymel \u00e9 um elixir preparado com mel org\u00e2nico e vinagre de ma\u00e7\u00e3 (\u00fanico produto comprado pelo s\u00edtio). Durante dois meses, mel e vinagre \u201cconvivem\u201d sob um calor suave, onde um absorve as qualidades nutritivas e energ\u00e9ticas do outro, em perfeita simbiose, transformando-se em um excelente detox, pr\u00f3prio para ser ingerido em jejum todas as manh\u00e3s: uma colher de sopa em meio copo de \u00e1gua morna. Claro, tamb\u00e9m fica bem em molhos, saladas, vinha d\u2019alhos e o que mais a sua imagina\u00e7\u00e3o sugerir!<\/span><\/p>\n","protected":false},"excerpt":{"rendered":"<p>Oximel \u00e9 um preparado com mel e vinagre de ma\u00e7\u00e3, dando origem ao Oximel, um elixir milenar, cuja origem \u00e9 desconhecida.<\/p>\n","protected":false},"featured_media":723,"comment_status":"open","ping_status":"closed","template":"","meta":[],"product_brand":[],"product_cat":[266],"product_tag":[272,101,267,274,275],"class_list":{"0":"post-722","1":"product","2":"type-product","3":"status-publish","4":"has-post-thumbnail","6":"product_cat-agracademaria","7":"product_tag-a-graca-de-maria","8":"product_tag-medicinais","9":"product_tag-mel","10":"product_tag-oximel","11":"product_tag-vinagre","13":"first","14":"instock","15":"shipping-taxable","16":"product-type-simple"},"_links":{"self":[{"href":"https:\/\/circuitolocal.cestaagroecologica.com.br\/index.php\/wp-json\/wp\/v2\/product\/722","targetHints":{"allow":["GET"]}}],"collection":[{"href":"https:\/\/circuitolocal.cestaagroecologica.com.br\/index.php\/wp-json\/wp\/v2\/product"}],"about":[{"href":"https:\/\/circuitolocal.cestaagroecologica.com.br\/index.php\/wp-json\/wp\/v2\/types\/product"}],"replies":[{"embeddable":true,"href":"https:\/\/circuitolocal.cestaagroecologica.com.br\/index.php\/wp-json\/wp\/v2\/comments?post=722"}],"wp:featuredmedia":[{"embeddable":true,"href":"https:\/\/circuitolocal.cestaagroecologica.com.br\/index.php\/wp-json\/wp\/v2\/media\/723"}],"wp:attachment":[{"href":"https:\/\/circuitolocal.cestaagroecologica.com.br\/index.php\/wp-json\/wp\/v2\/media?parent=722"}],"wp:term":[{"taxonomy":"product_brand","embeddable":true,"href":"https:\/\/circuitolocal.cestaagroecologica.com.br\/index.php\/wp-json\/wp\/v2\/product_brand?post=722"},{"taxonomy":"product_cat","embeddable":true,"href":"https:\/\/circuitolocal.cestaagroecologica.com.br\/index.php\/wp-json\/wp\/v2\/product_cat?post=722"},{"taxonomy":"product_tag","embeddable":true,"href":"https:\/\/circuitolocal.cestaagroecologica.com.br\/index.php\/wp-json\/wp\/v2\/product_tag?post=722"}],"curies":[{"name":"wp","href":"https:\/\/api.w.org\/{rel}","templated":true}]}}