{"id":727,"date":"2021-06-05T15:02:15","date_gmt":"2021-06-05T18:02:15","guid":{"rendered":"https:\/\/circuitolocal.cestaagroecologica.com.br\/?post_type=product&#038;p=727"},"modified":"2021-07-30T21:15:29","modified_gmt":"2021-07-31T00:15:29","slug":"oleo-ame-se-30ml","status":"publish","type":"product","link":"https:\/\/circuitolocal.cestaagroecologica.com.br\/index.php\/produto\/oleo-ame-se-30ml\/","title":{"rendered":"\u00d3leo Alegre-se! (30ml)"},"content":{"rendered":"<p>\u00d3leo para massagens, hidrata\u00e7\u00e3o e p\u00f3s banho produzido pela Melina, na Ecovila Nascentes do Tingu\u00ed, Saquarema, RJ. &#8220;Uma mistura cheirosa para trazer alegria e prazer&#8221;. Composi\u00e7\u00e3o: \u00f3leo castanha do Par\u00e1, \u00f3leo extra virgem girassol, \u00f3leos essenciais de alecrim, tangerina e canela.<\/p>\n","protected":false},"excerpt":{"rendered":"<p>Composi\u00e7\u00e3o: \u00f3leo castanha do Par\u00e1, \u00f3leo extra virgem girassol, \u00f3leos essenciais de alecrim, tangerina e canela.<\/p>\n<p>\u00d3leo para massagens, hidrata\u00e7\u00e3o e p\u00f3s banho produzido pela Mel, na Ecovila Nascentes do Tingu\u00ed, Saquarema, RJ.<\/p>\n","protected":false},"featured_media":728,"comment_status":"open","ping_status":"closed","template":"","meta":[],"product_brand":[],"product_cat":[96],"product_tag":[278,171,277,276,108,279],"class_list":{"0":"post-727","1":"product","2":"type-product","3":"status-publish","4":"has-post-thumbnail","6":"product_cat-materia-organica","7":"product_tag-alecrim","8":"product_tag-canela","9":"product_tag-massagem","10":"product_tag-oleo","11":"product_tag-oleos-essenciais","12":"product_tag-tangerina","14":"first","15":"outofstock","16":"shipping-taxable","17":"product-type-simple"},"_links":{"self":[{"href":"https:\/\/circuitolocal.cestaagroecologica.com.br\/index.php\/wp-json\/wp\/v2\/product\/727","targetHints":{"allow":["GET"]}}],"collection":[{"href":"https:\/\/circuitolocal.cestaagroecologica.com.br\/index.php\/wp-json\/wp\/v2\/product"}],"about":[{"href":"https:\/\/circuitolocal.cestaagroecologica.com.br\/index.php\/wp-json\/wp\/v2\/types\/product"}],"replies":[{"embeddable":true,"href":"https:\/\/circuitolocal.cestaagroecologica.com.br\/index.php\/wp-json\/wp\/v2\/comments?post=727"}],"wp:featuredmedia":[{"embeddable":true,"href":"https:\/\/circuitolocal.cestaagroecologica.com.br\/index.php\/wp-json\/wp\/v2\/media\/728"}],"wp:attachment":[{"href":"https:\/\/circuitolocal.cestaagroecologica.com.br\/index.php\/wp-json\/wp\/v2\/media?parent=727"}],"wp:term":[{"taxonomy":"product_brand","embeddable":true,"href":"https:\/\/circuitolocal.cestaagroecologica.com.br\/index.php\/wp-json\/wp\/v2\/product_brand?post=727"},{"taxonomy":"product_cat","embeddable":true,"href":"https:\/\/circuitolocal.cestaagroecologica.com.br\/index.php\/wp-json\/wp\/v2\/product_cat?post=727"},{"taxonomy":"product_tag","embeddable":true,"href":"https:\/\/circuitolocal.cestaagroecologica.com.br\/index.php\/wp-json\/wp\/v2\/product_tag?post=727"}],"curies":[{"name":"wp","href":"https:\/\/api.w.org\/{rel}","templated":true}]}}