{"id":731,"date":"2021-06-05T15:34:47","date_gmt":"2021-06-05T18:34:47","guid":{"rendered":"https:\/\/circuitolocal.cestaagroecologica.com.br\/?post_type=product&#038;p=731"},"modified":"2021-07-30T21:34:54","modified_gmt":"2021-07-31T00:34:54","slug":"vinagre-de-acai-250ml","status":"publish","type":"product","link":"https:\/\/circuitolocal.cestaagroecologica.com.br\/index.php\/produto\/vinagre-de-acai-250ml\/","title":{"rendered":"Vinagre de A\u00e7a\u00ed (250ml)"},"content":{"rendered":"<p><i>Vinagre<\/i><\/p>\n<p>O vinagre <i>A Gra\u00e7a de Maria<\/i> \u00e9 100% artesanal. S\u00e3o ervas e frutas org\u00e2nicas, plantadas em transi\u00e7\u00e3o para o sistema agroflorestal, sendo o vinagre de aroeira pimenteira (<i>Schinus terebinthifolia)<\/i>, oriundo de cultura selvagem.<\/p>\n<p>S\u00e3o vinagres vivos, que criam em seu interior a madre do vinagre, uma camada gelatinosa, que se tornar\u00e1 espessa com o tempo, formada pelas bact\u00e9rias ac\u00e9ticas. Mesmo depois de envasado, elas continuam a se multiplicar.<\/p>\n<p>Muito se fala do vinagre de ma\u00e7\u00e3, do quanto \u00e9 ben\u00e9fico \u00e0 sa\u00fade. Por\u00e9m, se desconhece que podemos fazer vinagres de absolutamente tudo: ervas, ra\u00edzes e frutas. E que todos trar\u00e3o os benef\u00edcios da mat\u00e9ria-prima com que s\u00e3o feitos.<\/p>\n<p>Com usos variados, os vinagres podem ser empregados de diferentes maneiras: culin\u00e1ria, cosm\u00e9tica e sa\u00fade.<\/p>\n","protected":false},"excerpt":{"rendered":"<p>Vinagre de a\u00e7a\u00ed agroecol\u00f3gico produzido no s\u00edtio A Gra\u00e7a de Maria.<\/p>\n","protected":false},"featured_media":788,"comment_status":"open","ping_status":"closed","template":"","meta":[],"product_brand":[],"product_cat":[266],"product_tag":[272,242,280,83,275],"class_list":{"0":"post-731","1":"product","2":"type-product","3":"status-publish","4":"has-post-thumbnail","6":"product_cat-agracademaria","7":"product_tag-a-graca-de-maria","8":"product_tag-acai","9":"product_tag-agroflo","10":"product_tag-beneficiados","11":"product_tag-vinagre","13":"first","14":"instock","15":"shipping-taxable","16":"product-type-simple"},"_links":{"self":[{"href":"https:\/\/circuitolocal.cestaagroecologica.com.br\/index.php\/wp-json\/wp\/v2\/product\/731","targetHints":{"allow":["GET"]}}],"collection":[{"href":"https:\/\/circuitolocal.cestaagroecologica.com.br\/index.php\/wp-json\/wp\/v2\/product"}],"about":[{"href":"https:\/\/circuitolocal.cestaagroecologica.com.br\/index.php\/wp-json\/wp\/v2\/types\/product"}],"replies":[{"embeddable":true,"href":"https:\/\/circuitolocal.cestaagroecologica.com.br\/index.php\/wp-json\/wp\/v2\/comments?post=731"}],"wp:featuredmedia":[{"embeddable":true,"href":"https:\/\/circuitolocal.cestaagroecologica.com.br\/index.php\/wp-json\/wp\/v2\/media\/788"}],"wp:attachment":[{"href":"https:\/\/circuitolocal.cestaagroecologica.com.br\/index.php\/wp-json\/wp\/v2\/media?parent=731"}],"wp:term":[{"taxonomy":"product_brand","embeddable":true,"href":"https:\/\/circuitolocal.cestaagroecologica.com.br\/index.php\/wp-json\/wp\/v2\/product_brand?post=731"},{"taxonomy":"product_cat","embeddable":true,"href":"https:\/\/circuitolocal.cestaagroecologica.com.br\/index.php\/wp-json\/wp\/v2\/product_cat?post=731"},{"taxonomy":"product_tag","embeddable":true,"href":"https:\/\/circuitolocal.cestaagroecologica.com.br\/index.php\/wp-json\/wp\/v2\/product_tag?post=731"}],"curies":[{"name":"wp","href":"https:\/\/api.w.org\/{rel}","templated":true}]}}