{"id":739,"date":"2021-06-05T16:22:22","date_gmt":"2021-06-05T19:22:22","guid":{"rendered":"https:\/\/circuitolocal.cestaagroecologica.com.br\/?post_type=product&#038;p=739"},"modified":"2021-10-13T19:47:30","modified_gmt":"2021-10-13T22:47:30","slug":"cera-de-abelha-400g","status":"publish","type":"product","link":"https:\/\/circuitolocal.cestaagroecologica.com.br\/index.php\/produto\/cera-de-abelha-400g\/","title":{"rendered":"Cera de abelha (400g)"},"content":{"rendered":"<p>Cera de abelha do s\u00edtio agroecol\u00f3gico A Gra\u00e7a de Maria, Sana, RJ.<\/p>\n","protected":false},"excerpt":{"rendered":"<p>Cera de abelha do s\u00edtio agroecol\u00f3gico A Gra\u00e7a de Maria, Sana, RJ.<\/p>\n","protected":false},"featured_media":0,"comment_status":"open","ping_status":"closed","template":"","meta":[],"product_brand":[],"product_cat":[266],"product_tag":[272,91,241,281],"class_list":{"0":"post-739","1":"product","2":"type-product","3":"status-publish","5":"product_cat-agracademaria","6":"product_tag-a-graca-de-maria","7":"product_tag-abelhas","8":"product_tag-agrofloresta","9":"product_tag-cera","11":"first","12":"instock","13":"shipping-taxable","14":"product-type-simple"},"_links":{"self":[{"href":"https:\/\/circuitolocal.cestaagroecologica.com.br\/index.php\/wp-json\/wp\/v2\/product\/739","targetHints":{"allow":["GET"]}}],"collection":[{"href":"https:\/\/circuitolocal.cestaagroecologica.com.br\/index.php\/wp-json\/wp\/v2\/product"}],"about":[{"href":"https:\/\/circuitolocal.cestaagroecologica.com.br\/index.php\/wp-json\/wp\/v2\/types\/product"}],"replies":[{"embeddable":true,"href":"https:\/\/circuitolocal.cestaagroecologica.com.br\/index.php\/wp-json\/wp\/v2\/comments?post=739"}],"wp:attachment":[{"href":"https:\/\/circuitolocal.cestaagroecologica.com.br\/index.php\/wp-json\/wp\/v2\/media?parent=739"}],"wp:term":[{"taxonomy":"product_brand","embeddable":true,"href":"https:\/\/circuitolocal.cestaagroecologica.com.br\/index.php\/wp-json\/wp\/v2\/product_brand?post=739"},{"taxonomy":"product_cat","embeddable":true,"href":"https:\/\/circuitolocal.cestaagroecologica.com.br\/index.php\/wp-json\/wp\/v2\/product_cat?post=739"},{"taxonomy":"product_tag","embeddable":true,"href":"https:\/\/circuitolocal.cestaagroecologica.com.br\/index.php\/wp-json\/wp\/v2\/product_tag?post=739"}],"curies":[{"name":"wp","href":"https:\/\/api.w.org\/{rel}","templated":true}]}}