{"id":744,"date":"2021-06-05T16:54:25","date_gmt":"2021-06-05T19:54:25","guid":{"rendered":"https:\/\/circuitolocal.cestaagroecologica.com.br\/?post_type=product&#038;p=744"},"modified":"2021-10-13T19:46:37","modified_gmt":"2021-10-13T22:46:37","slug":"melito-de-menta-200g","status":"publish","type":"product","link":"https:\/\/circuitolocal.cestaagroecologica.com.br\/index.php\/produto\/melito-de-menta-200g\/","title":{"rendered":"Melito de Menta (200g)"},"content":{"rendered":"<p><i>Melitos<\/i><\/p>\n<p>Tradicionalmente conhecido como um superalimento, h\u00e1 milhares de anos, o mel vem sendo consagrado pelos diversos benef\u00edcios que proporciona \u00e0 sa\u00fade, especialmente ao sistema imunol\u00f3gico, aparelho digestivo, como expectorante, energ\u00e9tico, probi\u00f3tico, que fica at\u00e9 dif\u00edcil enumerar.<\/p>\n<p>E quando esses benef\u00edcios s\u00e3o aliados \u00e0s frutas e ervas arom\u00e1ticas, como o lim\u00e3o e a menta? Pois o melito \u00e9 exatamente isso. Atrav\u00e9s de um processo longo, o mel, como solvente, vai absorvendo as propriedades medicinais da menta ou do lim\u00e3o siciliano, que sob um calor doce e suave, vai cedendo as suas propriedades medicinais ao mel. E ao fim de dois ou de at\u00e9 tr\u00eas meses, esse processo ter\u00e1 se completado e o melito, pronto para ser consumido!<\/p>\n","protected":false},"excerpt":{"rendered":"<p>Melito de menta: age no aparelho respirat\u00f3rio.<\/p>\n","protected":false},"featured_media":745,"comment_status":"open","ping_status":"closed","template":"","meta":[],"product_brand":[],"product_cat":[266],"product_tag":[272,267,269,198],"class_list":{"0":"post-744","1":"product","2":"type-product","3":"status-publish","4":"has-post-thumbnail","6":"product_cat-agracademaria","7":"product_tag-a-graca-de-maria","8":"product_tag-mel","9":"product_tag-melito","10":"product_tag-menta","12":"first","13":"instock","14":"shipping-taxable","15":"product-type-simple"},"_links":{"self":[{"href":"https:\/\/circuitolocal.cestaagroecologica.com.br\/index.php\/wp-json\/wp\/v2\/product\/744","targetHints":{"allow":["GET"]}}],"collection":[{"href":"https:\/\/circuitolocal.cestaagroecologica.com.br\/index.php\/wp-json\/wp\/v2\/product"}],"about":[{"href":"https:\/\/circuitolocal.cestaagroecologica.com.br\/index.php\/wp-json\/wp\/v2\/types\/product"}],"replies":[{"embeddable":true,"href":"https:\/\/circuitolocal.cestaagroecologica.com.br\/index.php\/wp-json\/wp\/v2\/comments?post=744"}],"wp:featuredmedia":[{"embeddable":true,"href":"https:\/\/circuitolocal.cestaagroecologica.com.br\/index.php\/wp-json\/wp\/v2\/media\/745"}],"wp:attachment":[{"href":"https:\/\/circuitolocal.cestaagroecologica.com.br\/index.php\/wp-json\/wp\/v2\/media?parent=744"}],"wp:term":[{"taxonomy":"product_brand","embeddable":true,"href":"https:\/\/circuitolocal.cestaagroecologica.com.br\/index.php\/wp-json\/wp\/v2\/product_brand?post=744"},{"taxonomy":"product_cat","embeddable":true,"href":"https:\/\/circuitolocal.cestaagroecologica.com.br\/index.php\/wp-json\/wp\/v2\/product_cat?post=744"},{"taxonomy":"product_tag","embeddable":true,"href":"https:\/\/circuitolocal.cestaagroecologica.com.br\/index.php\/wp-json\/wp\/v2\/product_tag?post=744"}],"curies":[{"name":"wp","href":"https:\/\/api.w.org\/{rel}","templated":true}]}}