{"id":862,"date":"2021-06-24T14:46:42","date_gmt":"2021-06-24T17:46:42","guid":{"rendered":"https:\/\/circuitolocal.cestaagroecologica.com.br\/?post_type=product&#038;p=862"},"modified":"2021-09-27T18:42:03","modified_gmt":"2021-09-27T21:42:03","slug":"microverdes-mix-60g","status":"publish","type":"product","link":"https:\/\/circuitolocal.cestaagroecologica.com.br\/index.php\/produto\/microverdes-mix-60g\/","title":{"rendered":"Microverdes Mix: repolho roxo, couve e mostarda (60g)"},"content":{"rendered":"<p>Microverdes s\u00e3o as hortali\u00e7as no est\u00e1gio inicial de vida, quando a planta j\u00e1 apresenta duas folhas. Nessa fase, possuem maior concentra\u00e7\u00e3o de nutrientes do que as mesmas plantas quando adultas. Por isso essas plantinhas s\u00e3o consideradas Superalimentos.<\/p>\n","protected":false},"excerpt":{"rendered":"<p>Microverdes de repolho roxo, couve e mostarda produzidos por Lucas e Mariana, na Fazenda Bem da Terra, Maric\u00e1, RJ.<\/p>\n","protected":false},"featured_media":1126,"comment_status":"open","ping_status":"closed","template":"","meta":[],"product_brand":[],"product_cat":[297],"product_tag":[300,299,56,298,46],"class_list":{"0":"post-862","1":"product","2":"type-product","3":"status-publish","4":"has-post-thumbnail","6":"product_cat-bem-da-terra","7":"product_tag-bem-da-terra","8":"product_tag-brotos","9":"product_tag-hortalicas","10":"product_tag-microverde","11":"product_tag-organico","13":"first","14":"instock","15":"shipping-taxable","16":"product-type-simple"},"_links":{"self":[{"href":"https:\/\/circuitolocal.cestaagroecologica.com.br\/index.php\/wp-json\/wp\/v2\/product\/862","targetHints":{"allow":["GET"]}}],"collection":[{"href":"https:\/\/circuitolocal.cestaagroecologica.com.br\/index.php\/wp-json\/wp\/v2\/product"}],"about":[{"href":"https:\/\/circuitolocal.cestaagroecologica.com.br\/index.php\/wp-json\/wp\/v2\/types\/product"}],"replies":[{"embeddable":true,"href":"https:\/\/circuitolocal.cestaagroecologica.com.br\/index.php\/wp-json\/wp\/v2\/comments?post=862"}],"wp:featuredmedia":[{"embeddable":true,"href":"https:\/\/circuitolocal.cestaagroecologica.com.br\/index.php\/wp-json\/wp\/v2\/media\/1126"}],"wp:attachment":[{"href":"https:\/\/circuitolocal.cestaagroecologica.com.br\/index.php\/wp-json\/wp\/v2\/media?parent=862"}],"wp:term":[{"taxonomy":"product_brand","embeddable":true,"href":"https:\/\/circuitolocal.cestaagroecologica.com.br\/index.php\/wp-json\/wp\/v2\/product_brand?post=862"},{"taxonomy":"product_cat","embeddable":true,"href":"https:\/\/circuitolocal.cestaagroecologica.com.br\/index.php\/wp-json\/wp\/v2\/product_cat?post=862"},{"taxonomy":"product_tag","embeddable":true,"href":"https:\/\/circuitolocal.cestaagroecologica.com.br\/index.php\/wp-json\/wp\/v2\/product_tag?post=862"}],"curies":[{"name":"wp","href":"https:\/\/api.w.org\/{rel}","templated":true}]}}