{"id":986,"date":"2021-07-30T20:20:57","date_gmt":"2021-07-30T23:20:57","guid":{"rendered":"https:\/\/circuitolocal.cestaagroecologica.com.br\/?post_type=product&#038;p=986"},"modified":"2021-07-30T20:23:50","modified_gmt":"2021-07-30T23:23:50","slug":"vaso-de-casca-de-coco-suspenso-com-planta","status":"publish","type":"product","link":"https:\/\/circuitolocal.cestaagroecologica.com.br\/index.php\/produto\/vaso-de-casca-de-coco-suspenso-com-planta\/","title":{"rendered":"Vaso de casca de coco suspenso com planta"},"content":{"rendered":"<p>Vaso de casca de coco suspenso com planta (&#8220;barba de Mois\u00e9s&#8221;), feito artesanalmente por Ros\u00e2ngela, do S\u00edtio do Galo, Saquarema, RJ.<\/p>\n","protected":false},"excerpt":{"rendered":"<p>Jardineira de bambu agroflorestal com suporte, feito artesanalmente por Ros\u00e2ngela, do S\u00edtio do Galo, Saquarema, RJ.<\/p>\n","protected":false},"featured_media":987,"comment_status":"open","ping_status":"closed","template":"","meta":[],"product_brand":[],"product_cat":[150],"product_tag":[313,311,218,172],"class_list":{"0":"post-986","1":"product","2":"type-product","3":"status-publish","4":"has-post-thumbnail","6":"product_cat-sitiodogalo","7":"product_tag-agroflorestal","8":"product_tag-artesanato","9":"product_tag-coco","10":"product_tag-sitio-do-galo","12":"first","13":"instock","14":"shipping-taxable","15":"product-type-simple"},"_links":{"self":[{"href":"https:\/\/circuitolocal.cestaagroecologica.com.br\/index.php\/wp-json\/wp\/v2\/product\/986","targetHints":{"allow":["GET"]}}],"collection":[{"href":"https:\/\/circuitolocal.cestaagroecologica.com.br\/index.php\/wp-json\/wp\/v2\/product"}],"about":[{"href":"https:\/\/circuitolocal.cestaagroecologica.com.br\/index.php\/wp-json\/wp\/v2\/types\/product"}],"replies":[{"embeddable":true,"href":"https:\/\/circuitolocal.cestaagroecologica.com.br\/index.php\/wp-json\/wp\/v2\/comments?post=986"}],"wp:featuredmedia":[{"embeddable":true,"href":"https:\/\/circuitolocal.cestaagroecologica.com.br\/index.php\/wp-json\/wp\/v2\/media\/987"}],"wp:attachment":[{"href":"https:\/\/circuitolocal.cestaagroecologica.com.br\/index.php\/wp-json\/wp\/v2\/media?parent=986"}],"wp:term":[{"taxonomy":"product_brand","embeddable":true,"href":"https:\/\/circuitolocal.cestaagroecologica.com.br\/index.php\/wp-json\/wp\/v2\/product_brand?post=986"},{"taxonomy":"product_cat","embeddable":true,"href":"https:\/\/circuitolocal.cestaagroecologica.com.br\/index.php\/wp-json\/wp\/v2\/product_cat?post=986"},{"taxonomy":"product_tag","embeddable":true,"href":"https:\/\/circuitolocal.cestaagroecologica.com.br\/index.php\/wp-json\/wp\/v2\/product_tag?post=986"}],"curies":[{"name":"wp","href":"https:\/\/api.w.org\/{rel}","templated":true}]}}